{"id":6193,"date":"2021-05-19T15:19:17","date_gmt":"2021-05-19T15:19:17","guid":{"rendered":"https:\/\/www.upstreamsystems.com\/legal\/business-partner-standards\/"},"modified":"2022-06-22T15:52:08","modified_gmt":"2022-06-22T15:52:08","slug":"business-partner-standards","status":"publish","type":"page","link":"https:\/\/www.upstreamsystems.com\/pt-br\/legal\/business-partner-standards\/","title":{"rendered":"Normas para Parceiros de Neg\u00f3cios"},"content":{"rendered":"<h3>Declara\u00e7\u00e3o de toler\u00e2ncia zero sobre corrup\u00e7\u00e3o<\/h3>\n<p><strong>A Upstream conduz seus neg\u00f3cios com integridade e tem uma abordagem de toler\u00e2ncia zero em rela\u00e7\u00e3o a todas as formas de corrup\u00e7\u00e3o. Todos os funcion\u00e1rios da Upstream, sejam empregados, consultores aut\u00f4nomos, gerentes ou diretores, em todas as entidades e filiais do grupo Upstream, bem como contratados externos, fornecedores, representantes ou outras partes que atuam para a Upstream e em todos os locais onde a Upstream opera, cumprir\u00e3o todas as leis, regras e regulamentos que regem a lei antissuborno e anticorrup\u00e7\u00e3o.<\/strong><\/p>\n<p>O grupo de empresas Upstream (&#8220;Upstream&#8221;) insiste na conduta \u00e9tica e legal em todas as suas rela\u00e7\u00f5es comerciais. Para assegurar que seus neg\u00f3cios sejam conduzidos de maneira \u00e9tica e legal, a Upstream mant\u00e9m uma Pol\u00edtica Antissuborno e Anticorrup\u00e7\u00e3o. A Upstream espera que todos os representantes, intermedi\u00e1rios, contratados e qualquer outra pessoa que preste servi\u00e7os para qualquer parte do Grupo Upstream (&#8220;Parceiros de Neg\u00f3cios&#8221;) com os quais fazemos neg\u00f3cios conduzam seus neg\u00f3cios de forma \u00e9tica e legal. A Upstream exige que seus parceiros de neg\u00f3cios cumpram com estes Princ\u00edpios Antissuborno. Caso contr\u00e1rio, isso impedir\u00e1 que a Upstream estabele\u00e7a uma rela\u00e7\u00e3o comercial ou nos leve a encerr\u00e1-la.<\/p>\n<h3>Proibi\u00e7\u00e3o de Suborno<\/h3>\n<p>Voc\u00ea n\u00e3o far\u00e1, aceitar\u00e1 ou facilitar\u00e1 (ou prometer\u00e1 ou se oferecer\u00e1 para fazer, aceitar ou facilitar) qualquer pagamento monet\u00e1rio ou n\u00e3o monet\u00e1rio impr\u00f3prio, um presente ou outro benef\u00edcio para ou de qualquer pessoa, seja diretamente ou atrav\u00e9s de qualquer outra pessoa.<br \/>\nProibi\u00e7\u00e3o de suborno oculto<\/p>\n<p>Voc\u00ea proibir\u00e1 qualquer conduta que possa influenciar a conduta comercial ou decis\u00f5es administrativas de outros de forma inapropriada, seja atrav\u00e9s de hotelaria inadequada, presentes, doa\u00e7\u00f5es ou quaisquer outros benef\u00edcios para qualquer pessoa, em dinheiro ou qualquer outra forma. Voc\u00ea permitir\u00e1 gastos com presentes e hotelaria somente onde for razo\u00e1vel e proporcional, incorridos em boa f\u00e9 e para prop\u00f3sitos comerciais adequados.<\/p>\n<h3>Proibi\u00e7\u00e3o de pagamentos de facilita\u00e7\u00e3o<\/h3>\n<p>Voc\u00ea proibir\u00e1 pagamentos para fazer qualquer processo administrativo acontecer ou aceler\u00e1-lo de qualquer forma n\u00e3o-oficial. Se voc\u00ea for solicitado a fazer tais pagamentos, voc\u00ea dever\u00e1 recusar e informar a Upstream. Sob nenhuma circunst\u00e2ncia voc\u00ea dever\u00e1 fazer e ocultar tais pagamentos de n\u00f3s.<\/p>\n<h3>Conformidade com a lei<\/h3>\n<p>Voc\u00ea proibir\u00e1 qualquer conduta que possa violar qualquer lei ou regulamento aplic\u00e1vel \u00e0s suas opera\u00e7\u00f5es ou \u00e0 Upstream.<br \/>\nDocumenta\u00e7\u00e3o<\/p>\n<p>Voc\u00ea manter\u00e1 registros para demonstrar sua conformidade com as leis e regulamentos aplic\u00e1veis e com estes princ\u00edpios.<\/p>\n<h3>Gerenciamento de Riscos<\/h3>\n<p>Voc\u00ea identificar\u00e1 riscos em evolu\u00e7\u00e3o que enfrentar\u00e1 em rela\u00e7\u00e3o ao suborno e corrup\u00e7\u00e3o e tomar\u00e1 medidas para gerenciar esses riscos e prevenir condutas que violem esses princ\u00edpios.<\/p>\n<h3>Comunica\u00e7\u00f5es e processos<\/h3>\n<p><span style=\"font-weight: 400;\">Voc\u00ea comunicou as normas que incluem os princ\u00edpios acima (como m\u00ednimo) em sua organiza\u00e7\u00e3o e garantiu, por meio de treinamento e de outras formas, que aqueles que trabalham para voc\u00ea os conhe\u00e7am e saibam como aplic\u00e1-los. Voc\u00ea tem em vigor procedimentos para detectar e prevenir qualquer conduta que possa violar estes princ\u00edpios. Voc\u00ea encoraja os seus funcion\u00e1rios a informar quaisquer preocupa\u00e7\u00f5es que eles tenham em rela\u00e7\u00e3o a poss\u00edveis viola\u00e7\u00f5es destes princ\u00edpios sem medo de repres\u00e1lias. <\/span><\/p>\n<h3>Subcontrata\u00e7\u00e3o<\/h3>\n<p>Voc\u00ea exige padr\u00f5es equivalentes aos estabelecidos neste documento de qualquer parte para a qual voc\u00ea est\u00e1 autorizado a subcontratar qualquer trabalho da Upstream.<\/p>\n","protected":false},"excerpt":{"rendered":"<p>Declara\u00e7\u00e3o de toler\u00e2ncia zero sobre corrup\u00e7\u00e3o A Upstream conduz seus neg\u00f3cios com integridade e tem uma abordagem de toler\u00e2ncia zero em rela\u00e7\u00e3o a todas as formas de corrup\u00e7\u00e3o. Todos os funcion\u00e1rios da Upstream, sejam empregados, consultores aut\u00f4nomos, gerentes ou diretores, em todas as entidades e filiais do grupo Upstream, bem como contratados externos, fornecedores, representantes [&hellip;]<\/p>\n","protected":false},"author":2,"featured_media":0,"parent":6192,"menu_order":0,"comment_status":"closed","ping_status":"closed","template":"text","meta":[],"acf":[],"yoast_head":"<!-- This site is optimized with the Yoast SEO plugin v18.9 - https:\/\/yoast.com\/wordpress\/plugins\/seo\/ -->\n<title>Upstream P\u00e1ginas Jur\u00eddicas - Leia nossos termos, condi\u00e7\u00f5es e pol\u00edticas<\/title>\n<meta name=\"description\" content=\"Saiba como lidamos com suas informa\u00e7\u00f5es antes de contratar nossos servi\u00e7os com pol\u00edticas justas e transparentes.\" \/>\n<meta name=\"robots\" content=\"index, follow, max-snippet:-1, max-image-preview:large, max-video-preview:-1\" \/>\n<link rel=\"canonical\" href=\"https:\/\/www.upstreamsystems.com\/pt-br\/legal\/business-partner-standards\/\" \/>\n<meta property=\"og:locale\" content=\"pt_PT\" \/>\n<meta property=\"og:type\" content=\"article\" \/>\n<meta property=\"og:title\" content=\"Upstream P\u00e1ginas Jur\u00eddicas - Leia nossos termos, condi\u00e7\u00f5es e pol\u00edticas\" \/>\n<meta property=\"og:description\" content=\"Saiba como lidamos com suas informa\u00e7\u00f5es antes de contratar nossos servi\u00e7os com pol\u00edticas justas e transparentes.\" \/>\n<meta property=\"og:url\" content=\"https:\/\/www.upstreamsystems.com\/pt-br\/legal\/business-partner-standards\/\" \/>\n<meta property=\"og:site_name\" content=\"Upstream\" \/>\n<meta property=\"article:modified_time\" content=\"2022-06-22T15:52:08+00:00\" \/>\n<meta property=\"og:image\" content=\"https:\/\/www.upstreamsystems.com\/wp-content\/uploads\/2021\/07\/upstream-24.jpg\" \/>\n\t<meta property=\"og:image:width\" content=\"590\" \/>\n\t<meta property=\"og:image:height\" content=\"314\" \/>\n\t<meta property=\"og:image:type\" content=\"image\/jpeg\" \/>\n<meta name=\"twitter:card\" content=\"summary_large_image\" \/>\n<script type=\"application\/ld+json\" class=\"yoast-schema-graph\">{\"@context\":\"https:\/\/schema.org\",\"@graph\":[{\"@type\":\"Organization\",\"@id\":\"https:\/\/www.upstreamsystems.com\/#organization\",\"name\":\"Upstream\",\"url\":\"https:\/\/www.upstreamsystems.com\/\",\"sameAs\":[],\"logo\":{\"@type\":\"ImageObject\",\"inLanguage\":\"pt-BR\",\"@id\":\"https:\/\/www.upstreamsystems.com\/#\/schema\/logo\/image\/\",\"url\":\"https:\/\/www.upstreamsystems.com\/wp-content\/uploads\/2021\/07\/brand.svg\",\"contentUrl\":\"https:\/\/www.upstreamsystems.com\/wp-content\/uploads\/2021\/07\/brand.svg\",\"width\":135,\"height\":38,\"caption\":\"Upstream\"},\"image\":{\"@id\":\"https:\/\/www.upstreamsystems.com\/#\/schema\/logo\/image\/\"}},{\"@type\":\"WebSite\",\"@id\":\"https:\/\/www.upstreamsystems.com\/#website\",\"url\":\"https:\/\/www.upstreamsystems.com\/\",\"name\":\"Upstream\",\"description\":\"The leading martech company\",\"publisher\":{\"@id\":\"https:\/\/www.upstreamsystems.com\/#organization\"},\"potentialAction\":[{\"@type\":\"SearchAction\",\"target\":{\"@type\":\"EntryPoint\",\"urlTemplate\":\"https:\/\/www.upstreamsystems.com\/?s={search_term_string}\"},\"query-input\":\"required name=search_term_string\"}],\"inLanguage\":\"pt-BR\"},{\"@type\":\"WebPage\",\"@id\":\"https:\/\/www.upstreamsystems.com\/pt-br\/legal\/business-partner-standards\/#webpage\",\"url\":\"https:\/\/www.upstreamsystems.com\/pt-br\/legal\/business-partner-standards\/\",\"name\":\"Upstream P\u00e1ginas Jur\u00eddicas - Leia nossos termos, condi\u00e7\u00f5es e pol\u00edticas\",\"isPartOf\":{\"@id\":\"https:\/\/www.upstreamsystems.com\/#website\"},\"datePublished\":\"2021-05-19T15:19:17+00:00\",\"dateModified\":\"2022-06-22T15:52:08+00:00\",\"description\":\"Saiba como lidamos com suas informa\u00e7\u00f5es antes de contratar nossos servi\u00e7os com pol\u00edticas justas e transparentes.\",\"breadcrumb\":{\"@id\":\"https:\/\/www.upstreamsystems.com\/pt-br\/legal\/business-partner-standards\/#breadcrumb\"},\"inLanguage\":\"pt-BR\",\"potentialAction\":[{\"@type\":\"ReadAction\",\"target\":[\"https:\/\/www.upstreamsystems.com\/pt-br\/legal\/business-partner-standards\/\"]}]},{\"@type\":\"BreadcrumbList\",\"@id\":\"https:\/\/www.upstreamsystems.com\/pt-br\/legal\/business-partner-standards\/#breadcrumb\",\"itemListElement\":[{\"@type\":\"ListItem\",\"position\":1,\"name\":\"Home\",\"item\":\"https:\/\/www.upstreamsystems.com\/pt-br\/\"},{\"@type\":\"ListItem\",\"position\":2,\"name\":\"P\u00e1ginas Jur\u00eddicas\",\"item\":\"https:\/\/www.upstreamsystems.com\/pt-br\/legal\/\"},{\"@type\":\"ListItem\",\"position\":3,\"name\":\"Normas para Parceiros de Neg\u00f3cios\"}]}]}<\/script>\n<!-- \/ Yoast SEO plugin. -->","yoast_head_json":{"title":"Upstream P\u00e1ginas Jur\u00eddicas - Leia nossos termos, condi\u00e7\u00f5es e pol\u00edticas","description":"Saiba como lidamos com suas informa\u00e7\u00f5es antes de contratar nossos servi\u00e7os com pol\u00edticas justas e transparentes.","robots":{"index":"index","follow":"follow","max-snippet":"max-snippet:-1","max-image-preview":"max-image-preview:large","max-video-preview":"max-video-preview:-1"},"canonical":"https:\/\/www.upstreamsystems.com\/pt-br\/legal\/business-partner-standards\/","og_locale":"pt_PT","og_type":"article","og_title":"Upstream P\u00e1ginas Jur\u00eddicas - Leia nossos termos, condi\u00e7\u00f5es e pol\u00edticas","og_description":"Saiba como lidamos com suas informa\u00e7\u00f5es antes de contratar nossos servi\u00e7os com pol\u00edticas justas e transparentes.","og_url":"https:\/\/www.upstreamsystems.com\/pt-br\/legal\/business-partner-standards\/","og_site_name":"Upstream","article_modified_time":"2022-06-22T15:52:08+00:00","og_image":[{"width":590,"height":314,"url":"https:\/\/www.upstreamsystems.com\/wp-content\/uploads\/2021\/07\/upstream-24.jpg","type":"image\/jpeg"}],"twitter_card":"summary_large_image","schema":{"@context":"https:\/\/schema.org","@graph":[{"@type":"Organization","@id":"https:\/\/www.upstreamsystems.com\/#organization","name":"Upstream","url":"https:\/\/www.upstreamsystems.com\/","sameAs":[],"logo":{"@type":"ImageObject","inLanguage":"pt-BR","@id":"https:\/\/www.upstreamsystems.com\/#\/schema\/logo\/image\/","url":"https:\/\/www.upstreamsystems.com\/wp-content\/uploads\/2021\/07\/brand.svg","contentUrl":"https:\/\/www.upstreamsystems.com\/wp-content\/uploads\/2021\/07\/brand.svg","width":135,"height":38,"caption":"Upstream"},"image":{"@id":"https:\/\/www.upstreamsystems.com\/#\/schema\/logo\/image\/"}},{"@type":"WebSite","@id":"https:\/\/www.upstreamsystems.com\/#website","url":"https:\/\/www.upstreamsystems.com\/","name":"Upstream","description":"The leading martech company","publisher":{"@id":"https:\/\/www.upstreamsystems.com\/#organization"},"potentialAction":[{"@type":"SearchAction","target":{"@type":"EntryPoint","urlTemplate":"https:\/\/www.upstreamsystems.com\/?s={search_term_string}"},"query-input":"required name=search_term_string"}],"inLanguage":"pt-BR"},{"@type":"WebPage","@id":"https:\/\/www.upstreamsystems.com\/pt-br\/legal\/business-partner-standards\/#webpage","url":"https:\/\/www.upstreamsystems.com\/pt-br\/legal\/business-partner-standards\/","name":"Upstream P\u00e1ginas Jur\u00eddicas - Leia nossos termos, condi\u00e7\u00f5es e pol\u00edticas","isPartOf":{"@id":"https:\/\/www.upstreamsystems.com\/#website"},"datePublished":"2021-05-19T15:19:17+00:00","dateModified":"2022-06-22T15:52:08+00:00","description":"Saiba como lidamos com suas informa\u00e7\u00f5es antes de contratar nossos servi\u00e7os com pol\u00edticas justas e transparentes.","breadcrumb":{"@id":"https:\/\/www.upstreamsystems.com\/pt-br\/legal\/business-partner-standards\/#breadcrumb"},"inLanguage":"pt-BR","potentialAction":[{"@type":"ReadAction","target":["https:\/\/www.upstreamsystems.com\/pt-br\/legal\/business-partner-standards\/"]}]},{"@type":"BreadcrumbList","@id":"https:\/\/www.upstreamsystems.com\/pt-br\/legal\/business-partner-standards\/#breadcrumb","itemListElement":[{"@type":"ListItem","position":1,"name":"Home","item":"https:\/\/www.upstreamsystems.com\/pt-br\/"},{"@type":"ListItem","position":2,"name":"P\u00e1ginas Jur\u00eddicas","item":"https:\/\/www.upstreamsystems.com\/pt-br\/legal\/"},{"@type":"ListItem","position":3,"name":"Normas para Parceiros de Neg\u00f3cios"}]}]}},"_links":{"self":[{"href":"https:\/\/www.upstreamsystems.com\/pt-br\/wp-json\/wp\/v2\/pages\/6193"}],"collection":[{"href":"https:\/\/www.upstreamsystems.com\/pt-br\/wp-json\/wp\/v2\/pages"}],"about":[{"href":"https:\/\/www.upstreamsystems.com\/pt-br\/wp-json\/wp\/v2\/types\/page"}],"author":[{"embeddable":true,"href":"https:\/\/www.upstreamsystems.com\/pt-br\/wp-json\/wp\/v2\/users\/2"}],"replies":[{"embeddable":true,"href":"https:\/\/www.upstreamsystems.com\/pt-br\/wp-json\/wp\/v2\/comments?post=6193"}],"version-history":[{"count":0,"href":"https:\/\/www.upstreamsystems.com\/pt-br\/wp-json\/wp\/v2\/pages\/6193\/revisions"}],"up":[{"embeddable":true,"href":"https:\/\/www.upstreamsystems.com\/pt-br\/wp-json\/wp\/v2\/pages\/6192"}],"wp:attachment":[{"href":"https:\/\/www.upstreamsystems.com\/pt-br\/wp-json\/wp\/v2\/media?parent=6193"}],"curies":[{"name":"wp","href":"https:\/\/api.w.org\/{rel}","templated":true}]}}