{"id":6194,"date":"2021-06-22T14:21:52","date_gmt":"2021-06-22T14:21:52","guid":{"rendered":"https:\/\/www.upstreamsystems.com\/legal\/cookie-policy\/"},"modified":"2022-11-30T16:31:15","modified_gmt":"2022-11-30T16:31:15","slug":"cookie-policy","status":"publish","type":"page","link":"https:\/\/www.upstreamsystems.com\/pt-br\/legal\/cookie-policy\/","title":{"rendered":"Pol\u00edtica de cookies"},"content":{"rendered":"<p>A Upstream Mobile Commerce do Brasil Ltda (doravante \u201c<strong>Upstream<\/strong>\u201d ou \u201c<strong>n\u00f3s<\/strong>\u201c) se compromete a proteger os dados pessoais dos visitantes de seu site. Leia cuidadosamente esta pol\u00edtica para entender que tipos de cookies n\u00f3s usamos e como processamos as informa\u00e7\u00f5es que coletamos atrav\u00e9s deles. N\u00f3s nos reservamos o direito de revisar ou atualizar esta pol\u00edtica a qualquer momento, portanto, consulte esta p\u00e1gina regularmente em busca de quaisquer altera\u00e7\u00f5es.<\/p>\n<h3><b>1.O que s\u00e3o Cookies?<\/b><\/h3>\n<p>Os cookies s\u00e3o pequenos arquivos de texto que incluem informa\u00e7\u00f5es e s\u00e3o salvos em qualquer dispositivo que voc\u00ea possa usar quando visitar nosso site. A maioria dos cookies s\u00e3o usados para melhorar a usabilidade e a funcionalidade dos sites, para lembrar suas a\u00e7\u00f5es e prefer\u00eancias (por exemplo, prefer\u00eancias de idioma) e com o prop\u00f3sito de melhorar nosso site.<\/p>\n<h3><b>2. Os cookies que usamos e como os usamos<\/b><\/h3>\n<p>N\u00f3s usamos cookies neste site. Existem diferentes tipos de cookies, que servem diferentes prop\u00f3sitos. Os cookies que usamos s\u00e3o os seguintes:<\/p>\n<p>Precisamos do seu consentimento para usar o Google Analytics, ent\u00e3o na p\u00e1gina de destino do nosso site pedimos aos nossos visitantes atrav\u00e9s do nosso banner de cookies que nos avisem se concordam com a coloca\u00e7\u00e3o desses cookies em seus dispositivos.<\/p>\n<p><!-- OneTrust Cookies List start --><\/p>\n<div id=\"ot-sdk-cookie-policy\"><\/div>\n<p><!-- OneTrust Cookies List end --><\/p>\n<p>Voc\u00ea pode\u00a0<strong>controlar e\/ou apagar\u00a0<\/strong>cookies que j\u00e1 est\u00e3o salvos em seu dispositivo, visitando a se\u00e7\u00e3o Configura\u00e7\u00f5es do seu navegador. V\u00e1rios cookies s\u00e3o usados com o prop\u00f3sito de melhorar a usabilidade e funcionalidade dos sites\/aplicativos. De fato, a desativa\u00e7\u00e3o desses cookies pode impedir voc\u00ea de usar algumas partes ou fun\u00e7\u00f5es do nosso site. Para mais informa\u00e7\u00f5es sobre a desativa\u00e7\u00e3o de cookies, acesse<a href=\"http:\/\/www.aboutcookies.org\/\">\u00a0www.aboutcookies.org<\/a>.<\/p>\n<h4><b>3.Quem tem acesso aos seus dados pessoais?<\/b><\/h4>\n<p>N\u00f3s n\u00e3o compartilhamos seus dados pessoais que venhamos a coletar por meio de cookies com terceiros. O acesso aos seus dados pessoais pode ser dado a prestadores de servi\u00e7os externos de confian\u00e7a contratados pela Upstream, como empresas que fornecem servi\u00e7os de TI e hospedagem de sites, somente na medida necess\u00e1ria para o fornecimento de seus servi\u00e7os para n\u00f3s. Estes provedores de servi\u00e7os atuam como Operadores de dados em rela\u00e7\u00e3o aos seus dados pessoais e s\u00e3o obrigados a processar seus dados pessoais exclusivamente em nosso nome e sob nossas instru\u00e7\u00f5es e a implementar medidas rigorosas de seguran\u00e7a para proteger seus dados pessoais.<\/p>\n<h4><b>4.Seus direitos<\/b><\/h4>\n<p>Voc\u00ea tem o direito de acessar, retificar e apagar seus dados pessoais e os direitos de obje\u00e7\u00e3o e restri\u00e7\u00e3o ao processamento de seus dados pessoais que s\u00e3o mantidos pela Upstream atrav\u00e9s do uso de cookies e plugins de redes sociais. Em alguns casos, voc\u00ea tamb\u00e9m ter\u00e1 o direito de receber seus dados pessoais em um formato estruturado, comumente usado e leg\u00edvel por m\u00e1quina e de transmiti-los a terceiros. Voc\u00ea tamb\u00e9m poder\u00e1, a qualquer momento, revogar o consentimento que nos forneceu para o processamento de seus dados pessoais atrav\u00e9s do uso de cookies e plug-ins de redes sociais em nosso site, apagando-os de seu dispositivo e visitando a se\u00e7\u00e3o Configura\u00e7\u00f5es do seu navegador. Para mais informa\u00e7\u00f5es sobre a desativa\u00e7\u00e3o de cookies, visite<a href=\"https:\/\/www.aboutcookies.org\/\">\u00a0https:\/\/www.aboutcookies.org\/<\/a>.<\/p>\n<p>Adicionalmente, se voc\u00ea acredita que a Upstream viola as leis de prote\u00e7\u00e3o de dados aplic\u00e1veis ao processar seus dados pessoais, voc\u00ea ter\u00e1 o direito de apresentar uma reclama\u00e7\u00e3o junto \u00e0 Autoridade Nacional de Prote\u00e7\u00e3o de Dados (ANPD) (https:\/\/www.gov.br\/anpd\/pt-br)<\/p>\n<h4><b>5. Nossas informa\u00e7\u00f5es de contato<\/b><\/h4>\n<p>Se voc\u00ea tiver alguma d\u00favida sobre esta Pol\u00edtica de Cookies ou desejar exercer algum dos direitos acima ou manifestar alguma quest\u00e3o, voc\u00ea poder\u00e1 entrar em contato com nossa Prote\u00e7\u00e3o de Dados atrav\u00e9s do e-mail data.protection@upstreamsystems.com.<\/p>\n<p><em>\u00daltima atualiza\u00e7\u00e3o: 26\/10\/2022<\/em><\/p>\n","protected":false},"excerpt":{"rendered":"<p>A Upstream Mobile Commerce do Brasil Ltda (doravante \u201cUpstream\u201d ou \u201cn\u00f3s\u201c) se compromete a proteger os dados pessoais dos visitantes de seu site. Leia cuidadosamente esta pol\u00edtica para entender que tipos de cookies n\u00f3s usamos e como processamos as informa\u00e7\u00f5es que coletamos atrav\u00e9s deles. N\u00f3s nos reservamos o direito de revisar ou atualizar esta pol\u00edtica [&hellip;]<\/p>\n","protected":false},"author":2,"featured_media":0,"parent":6192,"menu_order":0,"comment_status":"closed","ping_status":"closed","template":"text","meta":[],"acf":[],"yoast_head":"<!-- This site is optimized with the Yoast SEO plugin v18.9 - https:\/\/yoast.com\/wordpress\/plugins\/seo\/ -->\n<title>Upstream P\u00e1ginas Jur\u00eddicas - Leia nossos termos, condi\u00e7\u00f5es e pol\u00edticas<\/title>\n<meta name=\"description\" content=\"Saiba como lidamos com suas informa\u00e7\u00f5es antes de contratar nossos servi\u00e7os com pol\u00edticas justas e transparentes.\" \/>\n<meta name=\"robots\" content=\"index, follow, max-snippet:-1, max-image-preview:large, max-video-preview:-1\" \/>\n<link rel=\"canonical\" href=\"https:\/\/www.upstreamsystems.com\/pt-br\/legal\/cookie-policy\/\" \/>\n<meta property=\"og:locale\" content=\"pt_PT\" \/>\n<meta property=\"og:type\" content=\"article\" \/>\n<meta property=\"og:title\" content=\"Upstream P\u00e1ginas Jur\u00eddicas - Leia nossos termos, condi\u00e7\u00f5es e pol\u00edticas\" \/>\n<meta property=\"og:description\" content=\"Saiba como lidamos com suas informa\u00e7\u00f5es antes de contratar nossos servi\u00e7os com pol\u00edticas justas e transparentes.\" \/>\n<meta property=\"og:url\" content=\"https:\/\/www.upstreamsystems.com\/pt-br\/legal\/cookie-policy\/\" \/>\n<meta property=\"og:site_name\" content=\"Upstream\" \/>\n<meta property=\"article:modified_time\" content=\"2022-11-30T16:31:15+00:00\" \/>\n<meta property=\"og:image\" content=\"https:\/\/www.upstreamsystems.com\/wp-content\/uploads\/2021\/07\/upstream-24.jpg\" \/>\n\t<meta property=\"og:image:width\" content=\"590\" \/>\n\t<meta property=\"og:image:height\" content=\"314\" \/>\n\t<meta property=\"og:image:type\" content=\"image\/jpeg\" \/>\n<meta name=\"twitter:card\" content=\"summary_large_image\" \/>\n<script type=\"application\/ld+json\" class=\"yoast-schema-graph\">{\"@context\":\"https:\/\/schema.org\",\"@graph\":[{\"@type\":\"Organization\",\"@id\":\"https:\/\/www.upstreamsystems.com\/#organization\",\"name\":\"Upstream\",\"url\":\"https:\/\/www.upstreamsystems.com\/\",\"sameAs\":[],\"logo\":{\"@type\":\"ImageObject\",\"inLanguage\":\"pt-BR\",\"@id\":\"https:\/\/www.upstreamsystems.com\/#\/schema\/logo\/image\/\",\"url\":\"https:\/\/www.upstreamsystems.com\/wp-content\/uploads\/2021\/07\/brand.svg\",\"contentUrl\":\"https:\/\/www.upstreamsystems.com\/wp-content\/uploads\/2021\/07\/brand.svg\",\"width\":135,\"height\":38,\"caption\":\"Upstream\"},\"image\":{\"@id\":\"https:\/\/www.upstreamsystems.com\/#\/schema\/logo\/image\/\"}},{\"@type\":\"WebSite\",\"@id\":\"https:\/\/www.upstreamsystems.com\/#website\",\"url\":\"https:\/\/www.upstreamsystems.com\/\",\"name\":\"Upstream\",\"description\":\"The leading martech company\",\"publisher\":{\"@id\":\"https:\/\/www.upstreamsystems.com\/#organization\"},\"potentialAction\":[{\"@type\":\"SearchAction\",\"target\":{\"@type\":\"EntryPoint\",\"urlTemplate\":\"https:\/\/www.upstreamsystems.com\/?s={search_term_string}\"},\"query-input\":\"required name=search_term_string\"}],\"inLanguage\":\"pt-BR\"},{\"@type\":\"WebPage\",\"@id\":\"https:\/\/www.upstreamsystems.com\/pt-br\/legal\/cookie-policy\/#webpage\",\"url\":\"https:\/\/www.upstreamsystems.com\/pt-br\/legal\/cookie-policy\/\",\"name\":\"Upstream P\u00e1ginas Jur\u00eddicas - Leia nossos termos, condi\u00e7\u00f5es e pol\u00edticas\",\"isPartOf\":{\"@id\":\"https:\/\/www.upstreamsystems.com\/#website\"},\"datePublished\":\"2021-06-22T14:21:52+00:00\",\"dateModified\":\"2022-11-30T16:31:15+00:00\",\"description\":\"Saiba como lidamos com suas informa\u00e7\u00f5es antes de contratar nossos servi\u00e7os com pol\u00edticas justas e transparentes.\",\"breadcrumb\":{\"@id\":\"https:\/\/www.upstreamsystems.com\/pt-br\/legal\/cookie-policy\/#breadcrumb\"},\"inLanguage\":\"pt-BR\",\"potentialAction\":[{\"@type\":\"ReadAction\",\"target\":[\"https:\/\/www.upstreamsystems.com\/pt-br\/legal\/cookie-policy\/\"]}]},{\"@type\":\"BreadcrumbList\",\"@id\":\"https:\/\/www.upstreamsystems.com\/pt-br\/legal\/cookie-policy\/#breadcrumb\",\"itemListElement\":[{\"@type\":\"ListItem\",\"position\":1,\"name\":\"Home\",\"item\":\"https:\/\/www.upstreamsystems.com\/pt-br\/\"},{\"@type\":\"ListItem\",\"position\":2,\"name\":\"P\u00e1ginas Jur\u00eddicas\",\"item\":\"https:\/\/www.upstreamsystems.com\/pt-br\/legal\/\"},{\"@type\":\"ListItem\",\"position\":3,\"name\":\"Pol\u00edtica de cookies\"}]}]}<\/script>\n<!-- \/ Yoast SEO plugin. -->","yoast_head_json":{"title":"Upstream P\u00e1ginas Jur\u00eddicas - Leia nossos termos, condi\u00e7\u00f5es e pol\u00edticas","description":"Saiba como lidamos com suas informa\u00e7\u00f5es antes de contratar nossos servi\u00e7os com pol\u00edticas justas e transparentes.","robots":{"index":"index","follow":"follow","max-snippet":"max-snippet:-1","max-image-preview":"max-image-preview:large","max-video-preview":"max-video-preview:-1"},"canonical":"https:\/\/www.upstreamsystems.com\/pt-br\/legal\/cookie-policy\/","og_locale":"pt_PT","og_type":"article","og_title":"Upstream P\u00e1ginas Jur\u00eddicas - Leia nossos termos, condi\u00e7\u00f5es e pol\u00edticas","og_description":"Saiba como lidamos com suas informa\u00e7\u00f5es antes de contratar nossos servi\u00e7os com pol\u00edticas justas e transparentes.","og_url":"https:\/\/www.upstreamsystems.com\/pt-br\/legal\/cookie-policy\/","og_site_name":"Upstream","article_modified_time":"2022-11-30T16:31:15+00:00","og_image":[{"width":590,"height":314,"url":"https:\/\/www.upstreamsystems.com\/wp-content\/uploads\/2021\/07\/upstream-24.jpg","type":"image\/jpeg"}],"twitter_card":"summary_large_image","schema":{"@context":"https:\/\/schema.org","@graph":[{"@type":"Organization","@id":"https:\/\/www.upstreamsystems.com\/#organization","name":"Upstream","url":"https:\/\/www.upstreamsystems.com\/","sameAs":[],"logo":{"@type":"ImageObject","inLanguage":"pt-BR","@id":"https:\/\/www.upstreamsystems.com\/#\/schema\/logo\/image\/","url":"https:\/\/www.upstreamsystems.com\/wp-content\/uploads\/2021\/07\/brand.svg","contentUrl":"https:\/\/www.upstreamsystems.com\/wp-content\/uploads\/2021\/07\/brand.svg","width":135,"height":38,"caption":"Upstream"},"image":{"@id":"https:\/\/www.upstreamsystems.com\/#\/schema\/logo\/image\/"}},{"@type":"WebSite","@id":"https:\/\/www.upstreamsystems.com\/#website","url":"https:\/\/www.upstreamsystems.com\/","name":"Upstream","description":"The leading martech company","publisher":{"@id":"https:\/\/www.upstreamsystems.com\/#organization"},"potentialAction":[{"@type":"SearchAction","target":{"@type":"EntryPoint","urlTemplate":"https:\/\/www.upstreamsystems.com\/?s={search_term_string}"},"query-input":"required name=search_term_string"}],"inLanguage":"pt-BR"},{"@type":"WebPage","@id":"https:\/\/www.upstreamsystems.com\/pt-br\/legal\/cookie-policy\/#webpage","url":"https:\/\/www.upstreamsystems.com\/pt-br\/legal\/cookie-policy\/","name":"Upstream P\u00e1ginas Jur\u00eddicas - Leia nossos termos, condi\u00e7\u00f5es e pol\u00edticas","isPartOf":{"@id":"https:\/\/www.upstreamsystems.com\/#website"},"datePublished":"2021-06-22T14:21:52+00:00","dateModified":"2022-11-30T16:31:15+00:00","description":"Saiba como lidamos com suas informa\u00e7\u00f5es antes de contratar nossos servi\u00e7os com pol\u00edticas justas e transparentes.","breadcrumb":{"@id":"https:\/\/www.upstreamsystems.com\/pt-br\/legal\/cookie-policy\/#breadcrumb"},"inLanguage":"pt-BR","potentialAction":[{"@type":"ReadAction","target":["https:\/\/www.upstreamsystems.com\/pt-br\/legal\/cookie-policy\/"]}]},{"@type":"BreadcrumbList","@id":"https:\/\/www.upstreamsystems.com\/pt-br\/legal\/cookie-policy\/#breadcrumb","itemListElement":[{"@type":"ListItem","position":1,"name":"Home","item":"https:\/\/www.upstreamsystems.com\/pt-br\/"},{"@type":"ListItem","position":2,"name":"P\u00e1ginas Jur\u00eddicas","item":"https:\/\/www.upstreamsystems.com\/pt-br\/legal\/"},{"@type":"ListItem","position":3,"name":"Pol\u00edtica de cookies"}]}]}},"_links":{"self":[{"href":"https:\/\/www.upstreamsystems.com\/pt-br\/wp-json\/wp\/v2\/pages\/6194"}],"collection":[{"href":"https:\/\/www.upstreamsystems.com\/pt-br\/wp-json\/wp\/v2\/pages"}],"about":[{"href":"https:\/\/www.upstreamsystems.com\/pt-br\/wp-json\/wp\/v2\/types\/page"}],"author":[{"embeddable":true,"href":"https:\/\/www.upstreamsystems.com\/pt-br\/wp-json\/wp\/v2\/users\/2"}],"replies":[{"embeddable":true,"href":"https:\/\/www.upstreamsystems.com\/pt-br\/wp-json\/wp\/v2\/comments?post=6194"}],"version-history":[{"count":0,"href":"https:\/\/www.upstreamsystems.com\/pt-br\/wp-json\/wp\/v2\/pages\/6194\/revisions"}],"up":[{"embeddable":true,"href":"https:\/\/www.upstreamsystems.com\/pt-br\/wp-json\/wp\/v2\/pages\/6192"}],"wp:attachment":[{"href":"https:\/\/www.upstreamsystems.com\/pt-br\/wp-json\/wp\/v2\/media?parent=6194"}],"curies":[{"name":"wp","href":"https:\/\/api.w.org\/{rel}","templated":true}]}}