{"id":6196,"date":"2021-06-22T14:25:48","date_gmt":"2021-06-22T14:25:48","guid":{"rendered":"https:\/\/www.upstreamsystems.com\/legal\/modern-slavery-act\/"},"modified":"2024-06-11T14:36:52","modified_gmt":"2024-06-11T14:36:52","slug":"modern-slavery-act","status":"publish","type":"page","link":"https:\/\/www.upstreamsystems.com\/pt-br\/legal\/modern-slavery-act\/","title":{"rendered":"Lei Sobre a Escravid\u00e3o Moderna"},"content":{"rendered":"<h2><b>Declara\u00e7\u00e3o da Lei de Escravid\u00e3o Moderna para o Exerc\u00edcio de 2023<\/b><\/h2>\n<p>A escravid\u00e3o moderna \u00e9 um crime que resulta em um abomin\u00e1vel abuso dos direitos humanos. Trabalho for\u00e7ado ou compuls\u00f3rio, tr\u00e1fico de pessoas, reten\u00e7\u00e3o de documenta\u00e7\u00e3o, abuso no local de trabalho e outros tipos de escravid\u00e3o e servid\u00e3o representam algumas das mais graves ofensas aos direitos humanos fundamentais em qualquer sociedade.<\/p>\n<p>A Upstream Mobile Commerce Limited (juntamente com suas subsidi\u00e1rias, Upstream ou a Empresa) tomou medidas para garantir que nenhum tipo de escravid\u00e3o e tr\u00e1fico humano esteja ocorrendo em nossas cadeias de fornecimento ou em qualquer parte de nosso neg\u00f3cio.<\/p>\n<h3>Vis\u00e3o geral<\/h3>\n<p>A Upstream \u00e9 uma empresa l\u00edder em tecnologia mobile, especializada em fornecer solu\u00e7\u00f5es de engajamento e aquisi\u00e7\u00e3o de clientes no novo ambiente digital em mercados emergentes em todo o mundo, atendendo indiretamente 1,2 bilh\u00f5es de pessoas. Nossos servi\u00e7os auxiliam a ado\u00e7\u00e3o de servi\u00e7os digitais por nossos parceiros de neg\u00f3cios com efeitos multiplicadores para as economias locais.<\/p>\n<p>A Upstream reconhece a import\u00e2ncia do combate \u00e0 escravid\u00e3o moderna, um crime de explora\u00e7\u00e3o que afeta comunidades e indiv\u00edduos em todo o mundo &#8211; uma quest\u00e3o global que transcende a idade, o g\u00eanero e as etnias. N\u00f3s da Upstream endossamos uma miss\u00e3o volunt\u00e1ria de melhorar a vida das pessoas, al\u00e9m de um forte compromisso em oferecer oportunidades para todos. Consequentemente, n\u00f3s nos opomos totalmente a tais abusos contra as liberdades de uma pessoa em nossas opera\u00e7\u00f5es e em nossas cadeias de fornecimento.<\/p>\n<p>Como um fornecedor de servi\u00e7os profissionais, a Empresa n\u00e3o opera em uma ind\u00fastria onde a escravid\u00e3o moderna \u00e9 predominante e n\u00e3o opera uma cadeia de fornecimento, no entanto, estamos comprometidos em tomar medidas para monitorar quaisquer riscos potenciais dentro de suas opera\u00e7\u00f5es. N\u00f3s estamos ativamente engajados em fortalecer e melhorar continuamente nossa abordagem para combater a escravid\u00e3o moderna.<\/p>\n<h3>Nossa pol\u00edtica<\/h3>\n<p>A Empresa respeita os direitos humanos fundamentais e est\u00e1 comprometida com os princ\u00edpios estabelecidos pela Declara\u00e7\u00e3o Universal dos Direitos Humanos das Na\u00e7\u00f5es Unidas. N\u00f3s defendemos e respeitamos a prote\u00e7\u00e3o dos direitos humanos dentro de nossa esfera de influ\u00eancia; em particular, a elimina\u00e7\u00e3o efetiva do trabalho obrigat\u00f3rio e do trabalho infantil.<\/p>\n<p>Tratamento justo, igualdade de tratamento e colabora\u00e7\u00e3o, transpar\u00eancia, confian\u00e7a, um ambiente de trabalho e neg\u00f3cios justo e inclusivo que proteja a dignidade e o bem-estar de seus funcion\u00e1rios; estes s\u00e3o os pilares de nossa cultura e nossos valores.<\/p>\n<p>Temos um compromisso de longo prazo em agir eticamente e com integridade em todos os nossos neg\u00f3cios e relacionamentos e em implementar e aplicar sistemas e controles eficazes para garantir que a escravid\u00e3o moderna n\u00e3o esteja ocorrendo em nenhum lugar em nossos pr\u00f3prios neg\u00f3cios ou naqueles de nossos fornecedores. N\u00f3s estabelecemos uma posi\u00e7\u00e3o de toler\u00e2ncia zero em nossa abordagem a qualquer tipo de explora\u00e7\u00e3o de m\u00e3o-de-obra e exigimos a mesma atitude de todos que trabalham para n\u00f3s e esperamos isso de todos com quem temos rela\u00e7\u00f5es comerciais. N\u00f3s revisamos nossas pol\u00edticas e procedimentos em uma base cont\u00ednua para assegurar que eles permane\u00e7am eficazes e capazes de identificar oportunidades para melhorar e fortalecer ainda mais nossa abordagem.<\/p>\n<h3>Nossa estrutura<\/h3>\n<p>A Upstream \u00e9 uma sociedade limitada, constitu\u00edda na Inglaterra e no Pa\u00eds de Gales. \u00c9 a holding de uma rede de empresas de tecnologia mobile e servi\u00e7os digitais sediada ao redor do mundo, onde cada empresa \u00e9 uma pessoa jur\u00eddica separada.<\/p>\n<h3>Nosso neg\u00f3cio e cadeias de suprimentos: avalia\u00e7\u00e3o e gerenciamento de risco de aquisi\u00e7\u00e3o:<\/h3>\n<ul>\n<li>\n<h4>Compras<\/h4>\n<\/li>\n<\/ul>\n<p>N\u00f3s n\u00e3o somos um fabricante em massa e n\u00e3o possu\u00edmos ou operamos diretamente grandes f\u00e1bricas ou outras instala\u00e7\u00f5es de produ\u00e7\u00e3o e, neste sentido, n\u00e3o operamos uma cadeia de fornecimento para nossos produtos. Nossos fornecedores externos em todo o mundo s\u00e3o empresas em setores de baixo risco (tais como servi\u00e7os profissionais).<\/p>\n<p>A maioria de nossos gastos externos est\u00e1 associada a fornecedores que prestam servi\u00e7os digitais, infraestrutura de rede, TI e servi\u00e7os relacionados e centros de processamento de dados que gerenciam nossas redes. O restante das despesas \u00e9 composto por uma grande variedade de bens e servi\u00e7os adquiridos a fim de apoiar nossas fun\u00e7\u00f5es gerais de neg\u00f3cios e administrativas, incluindo marketing, viagens, apoio consultivo profissional. Al\u00e9m disso, n\u00e3o recebemos nenhum produto que tenha sido identificado como sendo de maior risco em rela\u00e7\u00e3o ao trabalho infantil ou for\u00e7ado.<\/p>\n<p>Entretanto, n\u00f3s exigimos padr\u00f5es equivalentes aos estabelecidos neste documento de qualquer fornecedor em potencial e escolhemos parceiros de neg\u00f3cios com muito cuidado, certificando-nos de que eles sejam os mais competentes, \u00e9ticos e confi\u00e1veis.<\/p>\n<p>Estamos atualmente no processo de desenvolvimento de uma &#8220;Pol\u00edtica de Compras&#8221; que estabelecer\u00e1 esses requisitos detalhando os princ\u00edpios b\u00e1sicos de como conduzimos os neg\u00f3cios de forma aberta, honesta e transparente, os comportamentos e pr\u00e1ticas que esperamos de nossos fornecedores e parceiros, incluindo o compromisso em cumprir as leis antiescravid\u00e3o.<\/p>\n<p>Al\u00e9m disso, temos o objetivo de incluir uma cl\u00e1usula relevante em nossos termos e condi\u00e7\u00f5es padr\u00e3o para assegurar que todos os fornecedores cumpram com nossa pol\u00edtica anti-explora\u00e7\u00e3o de m\u00e3o-de-obra e que a Upstream se reserve o direito de rescindir seu relacionamento com um fornecedor ou terceiro que seja incapaz de demonstrar conformidade ou progresso em dire\u00e7\u00e3o \u00e0 erradica\u00e7\u00e3o da escravid\u00e3o moderna dentro de sua organiza\u00e7\u00e3o e cadeia de fornecimento.<\/p>\n<ul>\n<li>\n<h4>Devida dilig\u00eancia<\/h4>\n<\/li>\n<\/ul>\n<p>N\u00f3s n\u00e3o operamos uma cadeia de fornecimento para nossas opera\u00e7\u00f5es comerciais, mas esperamos, no m\u00ednimo, que tanto n\u00f3s mesmos quanto nossos fornecedores ocasionais cumpram com todas as leis e regulamentos locais aplic\u00e1veis, proporcionando condi\u00e7\u00f5es de trabalho seguras, tratando os trabalhadores com dignidade e respeito, agindo de forma justa e \u00e9tica e utilizando pr\u00e1ticas ambientalmente respons\u00e1veis onde for pratic\u00e1vel.<\/p>\n<p>Al\u00e9m dos processos existentes de avalia\u00e7\u00e3o de fornecedores, a Upstream est\u00e1 implantando um question\u00e1rio para focar nas atividades\/indicadores de escravid\u00e3o moderna com base no risco, de acordo com a natureza dos servi\u00e7os prestados. Os assuntos abordados s\u00e3o tr\u00e1fico humano e escravid\u00e3o, sa\u00fade e seguran\u00e7a, meio ambiente, prote\u00e7\u00e3o de dados, seguran\u00e7a da informa\u00e7\u00e3o e suborno. Os fornecedores devem relatar quais as medidas que est\u00e3o tomando para identificar o risco da escravid\u00e3o moderna dentro de suas pr\u00f3prias opera\u00e7\u00f5es, o que permitir\u00e1 \u00e0 Empresa avaliar melhor os riscos potenciais da escravid\u00e3o moderna em suas opera\u00e7\u00f5es.<\/p>\n<p>Este processo de triagem e a s\u00e9rie de quest\u00f5es de devida dilig\u00eancia \u00e9 aplicada tanto para novos fornecedores quanto para a renova\u00e7\u00e3o de fornecedores.<br \/>\nA conformidade dos fornecedores com nossos princ\u00edpios \u00e9 monitorada de forma cont\u00ednua.<\/p>\n<ul>\n<li>\n<h4>Pol\u00edtica de recursos humanos<\/h4>\n<\/li>\n<\/ul>\n<p>A pol\u00edtica global de recursos humanos da Upstream estabelece os princ\u00edpios e controles abrangentes a serem seguidos e aplicados em cada uma de nossas empresas que opera localmente, a fim de assegurar que os recursos humanos sejam conduzidos de forma justa e transparente. Nosso departamento de Recursos Humanos est\u00e1 empenhado em tomar as medidas apropriadas para assegurar que todos que trabalham para a Upstream &#8211; em qualquer capacidade, em qualquer lugar do mundo &#8211; estejam protegidos contra o tratamento injusto e se beneficiem de um ambiente de trabalho justo e inclusivo, no qual seus direitos e liberdades fundamentais sejam respeitados. A Upstream est\u00e1 conduzindo processos robustos de recrutamento de acordo com as leis trabalhistas relevantes e planos de remunera\u00e7\u00e3o relacionados ao mercado. Al\u00e9m disso, n\u00f3s da Upstream nos dedicamos ao bem-estar de nossos funcion\u00e1rios, tendo implementado estrat\u00e9gias para apoiar o bem-estar f\u00edsico e mental de nossos colaboradores.<\/p>\n<ul>\n<li>\n<h4>Treinamento e comunica\u00e7\u00e3o<\/h4>\n<\/li>\n<\/ul>\n<p>A fim de abordar os riscos e ajudar a aumentar a educa\u00e7\u00e3o e conscientiza\u00e7\u00e3o sobre o tema da escravid\u00e3o moderna e nossas pol\u00edticas, n\u00f3s informamos (no m\u00ednimo) sobre as normas que abordam os princ\u00edpios acima em nossa organiza\u00e7\u00e3o e asseguramos que nossos funcion\u00e1rios as conhe\u00e7am e saibam como aplic\u00e1-las. Em 2019, n\u00f3s conduzimos treinamentos sobre nossa avalia\u00e7\u00e3o de risco e processos de devida dilig\u00eancia para o departamento de Compras relevante &#8211; tornando-os conscientes do papel que desempenham para assegurar que trabalhamos com fornecedores que defendem os mesmos princ\u00edpios \u00e9ticos que n\u00f3s.<\/p>\n<p>Al\u00e9m disso, para tornar todos os funcion\u00e1rios de todos os departamentos conscientes de poss\u00edveis indicadores da escravid\u00e3o moderna, n\u00f3s compartilhamos esta declara\u00e7\u00e3o com todos os funcion\u00e1rios por meio de nossos canais de comunica\u00e7\u00e3o internos e uma c\u00f3pia desta declara\u00e7\u00e3o est\u00e1 dispon\u00edvel no site da Upstream (www.upstreamsystems.com).<\/p>\n<p>N\u00f3s tamb\u00e9m encorajamos os funcion\u00e1rios a identificar e relatar quaisquer preocupa\u00e7\u00f5es que eles possam ter em rela\u00e7\u00e3o a poss\u00edveis viola\u00e7\u00f5es destes princ\u00edpios.<\/p>\n<h3>Pr\u00f3ximos passos e aprova\u00e7\u00e3o<\/h3>\n<p>Seguindo em frente, n\u00f3s continuamos a aperfei\u00e7oar nosso processo de devida dilig\u00eancia e avalia\u00e7\u00e3o de risco. Quaisquer casos de n\u00e3o conformidade ser\u00e3o avaliados caso a caso e qualquer a\u00e7\u00e3o corretiva ser\u00e1 tomada de forma apropriada.<\/p>\n<p><i><span style=\"font-weight: 400;\">Esta declara\u00e7\u00e3o foi publicada de acordo com a Lei da Escravid\u00e3o Moderna do Reino Unido de 2015 (a Lei) e relacionada ao exerc\u00edcio fiscal encerrado em 31 de dezembro de 2023. De acordo com a Se\u00e7\u00e3o 54, Parte 6 da Lei (Transpar\u00eancia nas Cadeias de Fornecimento), s\u00e3o definidos os passos que a Upstream tem dado para enfrentar os riscos da escravid\u00e3o moderna e do tr\u00e1fico humano em qualquer parte de nossos neg\u00f3cios, opera\u00e7\u00f5es ou cadeias de fornecimento.<\/span><\/i><\/p>\n<p><i><span style=\"font-weight: 400;\">O Conselho de Administra\u00e7\u00e3o da Empresa aprovou esta Declara\u00e7\u00e3o em 24 de maio de 2024; e delegou autoridade ao Diretor Presidente do Grupo Upstream de Empresas para assin\u00e1-la em seu nome.<\/span><\/i><\/p>\n<h6>[1] <em>Consulte a Lista de Bens Produzidos por Trabalho Infantil ou Trabalho For\u00e7ado, do Departamento de Assuntos Trabalhistas Internacionais (ILAB), Departamento de Trabalho dos Estados Unidos, dispon\u00edvel em<\/em>\u00a0<a href=\"https:\/\/www.dol.gov\/agencies\/ilab\/reports\/child-labor\/list-of-goods\">https:\/\/www.dol.gov\/agencies\/ilab\/reports\/child-labor\/list-of-goods<\/a>.<\/h6>\n<p><img loading=\"lazy\" class=\"alignnone size-full wp-image-3524\" src=\"https:\/\/www.upstreamsystems.com\/wp-content\/uploads\/2021\/07\/Dimitris-Maniatis.png\" alt=\"\" width=\"512\" height=\"200\" srcset=\"https:\/\/www.upstreamsystems.com\/wp-content\/uploads\/2021\/07\/Dimitris-Maniatis.png 512w, https:\/\/www.upstreamsystems.com\/wp-content\/uploads\/2021\/07\/Dimitris-Maniatis-300x117.png 300w, https:\/\/www.upstreamsystems.com\/wp-content\/uploads\/2021\/07\/Dimitris-Maniatis-150x59.png 150w, https:\/\/www.upstreamsystems.com\/wp-content\/uploads\/2021\/07\/Dimitris-Maniatis-510x200.png 510w, https:\/\/www.upstreamsystems.com\/wp-content\/uploads\/2021\/07\/Dimitris-Maniatis-123x48.png 123w\" sizes=\"(max-width: 512px) 100vw, 512px\" \/><\/p>\n<p><strong>Dimitris Maniatis<\/strong><br \/>\n<em>Diretor Presidente <\/em><em>do Grupo Upstream de Empresas<\/em><\/p>\n","protected":false},"excerpt":{"rendered":"<p>Declara\u00e7\u00e3o da Lei de Escravid\u00e3o Moderna para o Exerc\u00edcio de 2023 A escravid\u00e3o moderna \u00e9 um crime que resulta em um abomin\u00e1vel abuso dos direitos humanos. Trabalho for\u00e7ado ou compuls\u00f3rio, tr\u00e1fico de pessoas, reten\u00e7\u00e3o de documenta\u00e7\u00e3o, abuso no local de trabalho e outros tipos de escravid\u00e3o e servid\u00e3o representam algumas das mais graves ofensas aos [&hellip;]<\/p>\n","protected":false},"author":2,"featured_media":0,"parent":6192,"menu_order":0,"comment_status":"closed","ping_status":"closed","template":"text","meta":[],"acf":[],"yoast_head":"<!-- This site is optimized with the Yoast SEO plugin v18.9 - https:\/\/yoast.com\/wordpress\/plugins\/seo\/ -->\n<title>Upstream P\u00e1ginas Jur\u00eddicas - Leia nossos termos, condi\u00e7\u00f5es e pol\u00edticas<\/title>\n<meta name=\"description\" content=\"Saiba como lidamos com suas informa\u00e7\u00f5es antes de contratar nossos servi\u00e7os com pol\u00edticas justas e transparentes.\" \/>\n<meta name=\"robots\" content=\"index, follow, max-snippet:-1, max-image-preview:large, max-video-preview:-1\" \/>\n<link rel=\"canonical\" href=\"https:\/\/www.upstreamsystems.com\/pt-br\/legal\/modern-slavery-act\/\" \/>\n<meta property=\"og:locale\" content=\"pt_PT\" \/>\n<meta property=\"og:type\" content=\"article\" \/>\n<meta property=\"og:title\" content=\"Upstream P\u00e1ginas Jur\u00eddicas - Leia nossos termos, condi\u00e7\u00f5es e pol\u00edticas\" \/>\n<meta property=\"og:description\" content=\"Saiba como lidamos com suas informa\u00e7\u00f5es antes de contratar nossos servi\u00e7os com pol\u00edticas justas e transparentes.\" \/>\n<meta property=\"og:url\" content=\"https:\/\/www.upstreamsystems.com\/pt-br\/legal\/modern-slavery-act\/\" \/>\n<meta property=\"og:site_name\" content=\"Upstream\" \/>\n<meta property=\"article:modified_time\" content=\"2024-06-11T14:36:52+00:00\" \/>\n<meta property=\"og:image\" content=\"https:\/\/www.upstreamsystems.com\/wp-content\/uploads\/2021\/07\/Dimitris-Maniatis.png\" \/>\n<meta name=\"twitter:card\" content=\"summary_large_image\" \/>\n<script type=\"application\/ld+json\" class=\"yoast-schema-graph\">{\"@context\":\"https:\/\/schema.org\",\"@graph\":[{\"@type\":\"Organization\",\"@id\":\"https:\/\/www.upstreamsystems.com\/#organization\",\"name\":\"Upstream\",\"url\":\"https:\/\/www.upstreamsystems.com\/\",\"sameAs\":[],\"logo\":{\"@type\":\"ImageObject\",\"inLanguage\":\"pt-BR\",\"@id\":\"https:\/\/www.upstreamsystems.com\/#\/schema\/logo\/image\/\",\"url\":\"https:\/\/www.upstreamsystems.com\/wp-content\/uploads\/2021\/07\/brand.svg\",\"contentUrl\":\"https:\/\/www.upstreamsystems.com\/wp-content\/uploads\/2021\/07\/brand.svg\",\"width\":135,\"height\":38,\"caption\":\"Upstream\"},\"image\":{\"@id\":\"https:\/\/www.upstreamsystems.com\/#\/schema\/logo\/image\/\"}},{\"@type\":\"WebSite\",\"@id\":\"https:\/\/www.upstreamsystems.com\/#website\",\"url\":\"https:\/\/www.upstreamsystems.com\/\",\"name\":\"Upstream\",\"description\":\"The leading martech company\",\"publisher\":{\"@id\":\"https:\/\/www.upstreamsystems.com\/#organization\"},\"potentialAction\":[{\"@type\":\"SearchAction\",\"target\":{\"@type\":\"EntryPoint\",\"urlTemplate\":\"https:\/\/www.upstreamsystems.com\/?s={search_term_string}\"},\"query-input\":\"required name=search_term_string\"}],\"inLanguage\":\"pt-BR\"},{\"@type\":\"ImageObject\",\"inLanguage\":\"pt-BR\",\"@id\":\"https:\/\/www.upstreamsystems.com\/pt-br\/legal\/modern-slavery-act\/#primaryimage\",\"url\":\"https:\/\/www.upstreamsystems.com\/wp-content\/uploads\/2021\/07\/Dimitris-Maniatis.png\",\"contentUrl\":\"https:\/\/www.upstreamsystems.com\/wp-content\/uploads\/2021\/07\/Dimitris-Maniatis.png\",\"width\":512,\"height\":200},{\"@type\":\"WebPage\",\"@id\":\"https:\/\/www.upstreamsystems.com\/pt-br\/legal\/modern-slavery-act\/#webpage\",\"url\":\"https:\/\/www.upstreamsystems.com\/pt-br\/legal\/modern-slavery-act\/\",\"name\":\"Upstream P\u00e1ginas Jur\u00eddicas - Leia nossos termos, condi\u00e7\u00f5es e pol\u00edticas\",\"isPartOf\":{\"@id\":\"https:\/\/www.upstreamsystems.com\/#website\"},\"primaryImageOfPage\":{\"@id\":\"https:\/\/www.upstreamsystems.com\/pt-br\/legal\/modern-slavery-act\/#primaryimage\"},\"datePublished\":\"2021-06-22T14:25:48+00:00\",\"dateModified\":\"2024-06-11T14:36:52+00:00\",\"description\":\"Saiba como lidamos com suas informa\u00e7\u00f5es antes de contratar nossos servi\u00e7os com pol\u00edticas justas e transparentes.\",\"breadcrumb\":{\"@id\":\"https:\/\/www.upstreamsystems.com\/pt-br\/legal\/modern-slavery-act\/#breadcrumb\"},\"inLanguage\":\"pt-BR\",\"potentialAction\":[{\"@type\":\"ReadAction\",\"target\":[\"https:\/\/www.upstreamsystems.com\/pt-br\/legal\/modern-slavery-act\/\"]}]},{\"@type\":\"BreadcrumbList\",\"@id\":\"https:\/\/www.upstreamsystems.com\/pt-br\/legal\/modern-slavery-act\/#breadcrumb\",\"itemListElement\":[{\"@type\":\"ListItem\",\"position\":1,\"name\":\"Home\",\"item\":\"https:\/\/www.upstreamsystems.com\/pt-br\/\"},{\"@type\":\"ListItem\",\"position\":2,\"name\":\"P\u00e1ginas Jur\u00eddicas\",\"item\":\"https:\/\/www.upstreamsystems.com\/pt-br\/legal\/\"},{\"@type\":\"ListItem\",\"position\":3,\"name\":\"Lei Sobre a Escravid\u00e3o Moderna\"}]}]}<\/script>\n<!-- \/ Yoast SEO plugin. -->","yoast_head_json":{"title":"Upstream P\u00e1ginas Jur\u00eddicas - Leia nossos termos, condi\u00e7\u00f5es e pol\u00edticas","description":"Saiba como lidamos com suas informa\u00e7\u00f5es antes de contratar nossos servi\u00e7os com pol\u00edticas justas e transparentes.","robots":{"index":"index","follow":"follow","max-snippet":"max-snippet:-1","max-image-preview":"max-image-preview:large","max-video-preview":"max-video-preview:-1"},"canonical":"https:\/\/www.upstreamsystems.com\/pt-br\/legal\/modern-slavery-act\/","og_locale":"pt_PT","og_type":"article","og_title":"Upstream P\u00e1ginas Jur\u00eddicas - Leia nossos termos, condi\u00e7\u00f5es e pol\u00edticas","og_description":"Saiba como lidamos com suas informa\u00e7\u00f5es antes de contratar nossos servi\u00e7os com pol\u00edticas justas e transparentes.","og_url":"https:\/\/www.upstreamsystems.com\/pt-br\/legal\/modern-slavery-act\/","og_site_name":"Upstream","article_modified_time":"2024-06-11T14:36:52+00:00","og_image":[{"url":"https:\/\/www.upstreamsystems.com\/wp-content\/uploads\/2021\/07\/Dimitris-Maniatis.png"}],"twitter_card":"summary_large_image","schema":{"@context":"https:\/\/schema.org","@graph":[{"@type":"Organization","@id":"https:\/\/www.upstreamsystems.com\/#organization","name":"Upstream","url":"https:\/\/www.upstreamsystems.com\/","sameAs":[],"logo":{"@type":"ImageObject","inLanguage":"pt-BR","@id":"https:\/\/www.upstreamsystems.com\/#\/schema\/logo\/image\/","url":"https:\/\/www.upstreamsystems.com\/wp-content\/uploads\/2021\/07\/brand.svg","contentUrl":"https:\/\/www.upstreamsystems.com\/wp-content\/uploads\/2021\/07\/brand.svg","width":135,"height":38,"caption":"Upstream"},"image":{"@id":"https:\/\/www.upstreamsystems.com\/#\/schema\/logo\/image\/"}},{"@type":"WebSite","@id":"https:\/\/www.upstreamsystems.com\/#website","url":"https:\/\/www.upstreamsystems.com\/","name":"Upstream","description":"The leading martech company","publisher":{"@id":"https:\/\/www.upstreamsystems.com\/#organization"},"potentialAction":[{"@type":"SearchAction","target":{"@type":"EntryPoint","urlTemplate":"https:\/\/www.upstreamsystems.com\/?s={search_term_string}"},"query-input":"required name=search_term_string"}],"inLanguage":"pt-BR"},{"@type":"ImageObject","inLanguage":"pt-BR","@id":"https:\/\/www.upstreamsystems.com\/pt-br\/legal\/modern-slavery-act\/#primaryimage","url":"https:\/\/www.upstreamsystems.com\/wp-content\/uploads\/2021\/07\/Dimitris-Maniatis.png","contentUrl":"https:\/\/www.upstreamsystems.com\/wp-content\/uploads\/2021\/07\/Dimitris-Maniatis.png","width":512,"height":200},{"@type":"WebPage","@id":"https:\/\/www.upstreamsystems.com\/pt-br\/legal\/modern-slavery-act\/#webpage","url":"https:\/\/www.upstreamsystems.com\/pt-br\/legal\/modern-slavery-act\/","name":"Upstream P\u00e1ginas Jur\u00eddicas - Leia nossos termos, condi\u00e7\u00f5es e pol\u00edticas","isPartOf":{"@id":"https:\/\/www.upstreamsystems.com\/#website"},"primaryImageOfPage":{"@id":"https:\/\/www.upstreamsystems.com\/pt-br\/legal\/modern-slavery-act\/#primaryimage"},"datePublished":"2021-06-22T14:25:48+00:00","dateModified":"2024-06-11T14:36:52+00:00","description":"Saiba como lidamos com suas informa\u00e7\u00f5es antes de contratar nossos servi\u00e7os com pol\u00edticas justas e transparentes.","breadcrumb":{"@id":"https:\/\/www.upstreamsystems.com\/pt-br\/legal\/modern-slavery-act\/#breadcrumb"},"inLanguage":"pt-BR","potentialAction":[{"@type":"ReadAction","target":["https:\/\/www.upstreamsystems.com\/pt-br\/legal\/modern-slavery-act\/"]}]},{"@type":"BreadcrumbList","@id":"https:\/\/www.upstreamsystems.com\/pt-br\/legal\/modern-slavery-act\/#breadcrumb","itemListElement":[{"@type":"ListItem","position":1,"name":"Home","item":"https:\/\/www.upstreamsystems.com\/pt-br\/"},{"@type":"ListItem","position":2,"name":"P\u00e1ginas Jur\u00eddicas","item":"https:\/\/www.upstreamsystems.com\/pt-br\/legal\/"},{"@type":"ListItem","position":3,"name":"Lei Sobre a Escravid\u00e3o Moderna"}]}]}},"_links":{"self":[{"href":"https:\/\/www.upstreamsystems.com\/pt-br\/wp-json\/wp\/v2\/pages\/6196"}],"collection":[{"href":"https:\/\/www.upstreamsystems.com\/pt-br\/wp-json\/wp\/v2\/pages"}],"about":[{"href":"https:\/\/www.upstreamsystems.com\/pt-br\/wp-json\/wp\/v2\/types\/page"}],"author":[{"embeddable":true,"href":"https:\/\/www.upstreamsystems.com\/pt-br\/wp-json\/wp\/v2\/users\/2"}],"replies":[{"embeddable":true,"href":"https:\/\/www.upstreamsystems.com\/pt-br\/wp-json\/wp\/v2\/comments?post=6196"}],"version-history":[{"count":0,"href":"https:\/\/www.upstreamsystems.com\/pt-br\/wp-json\/wp\/v2\/pages\/6196\/revisions"}],"up":[{"embeddable":true,"href":"https:\/\/www.upstreamsystems.com\/pt-br\/wp-json\/wp\/v2\/pages\/6192"}],"wp:attachment":[{"href":"https:\/\/www.upstreamsystems.com\/pt-br\/wp-json\/wp\/v2\/media?parent=6196"}],"curies":[{"name":"wp","href":"https:\/\/api.w.org\/{rel}","templated":true}]}}