{"id":6197,"date":"2021-06-22T14:35:05","date_gmt":"2021-06-22T14:35:05","guid":{"rendered":"https:\/\/www.upstreamsystems.com\/legal\/privacy-notice-for-recruitment\/"},"modified":"2022-11-30T16:38:21","modified_gmt":"2022-11-30T16:38:21","slug":"privacy-notice-for-recruitment","status":"publish","type":"page","link":"https:\/\/www.upstreamsystems.com\/pt-br\/legal\/privacy-notice-for-recruitment\/","title":{"rendered":"Aviso de privacidade para recrutamento"},"content":{"rendered":"<p>A Upstream compromete-se a proteger e respeitar a sua privacidade. Este Aviso de Privacidade (juntamente com quaisquer outros documentos aqui referidos) estabelece a base sobre a qual os dados pessoais coletados de voc\u00ea, ou que voc\u00ea nos fornecer, ser\u00e3o processados por n\u00f3s em conex\u00e3o com nossos processos de recrutamento. Quando voc\u00ea se candidata a uma vaga de emprego publicada por N\u00f3s, estas cl\u00e1usulas de Privacidade ser\u00e3o aplicadas ao nosso processamento de suas informa\u00e7\u00f5es pessoais.<\/p>\n<p>Para efeitos da Lei Geral de Prote\u00e7\u00e3o de Dados Pessoais (LGPD), a Upstream Mobile Commerce do Brasil Ltda fica designada como a Controladora de Dados do processo de recrutamento. N\u00f3s usamos o\u00a0<em>Workable<\/em>, um aplicativo online fornecido pela Workable Software Limited, para ajudar em nosso processo de recrutamento. N\u00f3s usamos o Workable para processar informa\u00e7\u00f5es pessoais como um operador de dados em nosso nome e de acordo com nossas instru\u00e7\u00f5es.<\/p>\n<p>Quando voc\u00ea se candidata a uma vaga de emprego atrav\u00e9s da fun\u00e7\u00e3o de inscri\u00e7\u00e3o em um site de emprego ou provedor de servi\u00e7os online similar (\u201cParceiro\u201d), voc\u00ea dever\u00e1 observar que o Parceiro relevante poder\u00e1 reter seus dados pessoais e tamb\u00e9m poder\u00e1 coletar dados sob os nossos cuidados a respeito do progresso de sua inscri\u00e7\u00e3o. Qualquer uso de seus dados pelo Parceiro estar\u00e1 de acordo com o Aviso de Privacidade do Parceiro.<\/p>\n<h2><b>As informa\u00e7\u00f5es pessoais que coletamos de voc\u00ea<\/b><\/h2>\n<p>N\u00f3s coletamos e processamos alguns ou todos os seguintes tipos de informa\u00e7\u00f5es de voc\u00ea:<\/p>\n<ul>\n<li>Informa\u00e7\u00f5es que voc\u00ea fornece quando voc\u00ea se candidata a uma fun\u00e7\u00e3o. Isto inclui informa\u00e7\u00f5es fornecidas atrav\u00e9s de um site de trabalho online, via e-mail, pessoalmente nas entrevistas e\/ou por qualquer outro m\u00e9todo.<\/li>\n<li>Em particular, n\u00f3s processamos detalhes pessoais tais como nome, endere\u00e7o de e-mail, endere\u00e7o residencial, data de nascimento, experi\u00eancia, informa\u00e7\u00f5es relacionadas ao seu hist\u00f3rico profissional, habilidades e experi\u00eancia que voc\u00ea nos fornece no seu CV ou em qualquer outro documento.<\/li>\n<li>Se voc\u00ea entrar em contato conosco, n\u00f3s poderemos manter um registro desse contato.<\/li>\n<li>Um registro do seu progresso durante qualquer processo de contrata\u00e7\u00e3o que n\u00f3s possamos conduzir.<\/li>\n<li>Resultados de quaisquer testes que possamos aplicar no processo de contrata\u00e7\u00e3o.<\/li>\n<\/ul>\n<h3><b>Informa\u00e7\u00f5es que coletamos de outras fontes<\/b><\/h3>\n<p>O\u00a0<em>Workable\u00a0<\/em>nos oferece a facilidade de vincular os dados que voc\u00ea nos fornece, com outras informa\u00e7\u00f5es publicamente dispon\u00edveis sobre voc\u00ea que voc\u00ea publicou na Internet \u2013 isto poder\u00e1 incluir fontes como o LinkedIn e outros perfis de redes sociais.<\/p>\n<p>A tecnologia do\u00a0<em>Workable\u00a0<\/em>nos permite pesquisar em v\u00e1rios bancos de dados \u2013 alguns dispon\u00edveis publicamente e outros n\u00e3o, que poder\u00e3o incluir seus dados pessoais (inclusive seu CV ou curr\u00edculo), para encontrar poss\u00edveis candidatos para preencher nossas vagas de emprego. N\u00f3s iremos obter seus dados pessoais das fontes onde encontrarmos o seu perfil dispon\u00edvel.<\/p>\n<p>N\u00f3s podemos receber seus dados pessoais de um terceiro (recrutador ou funcion\u00e1rio da Upstream) que o recomende como candidato para uma vaga de emprego espec\u00edfica ou para nosso neg\u00f3cio de forma mais geral.<\/p>\n<h2><b>Quais s\u00e3o os usos de suas informa\u00e7\u00f5es como base legal para o processamento<\/b><\/h2>\n<p>N\u00f3s nos baseamos no interesse leg\u00edtimo como a base legal sobre a qual coletamos e usamos seus dados pessoais. Nossos interesses leg\u00edtimos s\u00e3o o recrutamento de funcion\u00e1rios para o nosso neg\u00f3cio.<\/p>\n<p>Quando voc\u00ea se candidata a uma vaga de emprego por meio da funcionalidade Indeed Apply, n\u00f3s dependemos do seu consentimento, que \u00e9 dado livremente por voc\u00ea durante o processo de candidatura, para divulgar seus dados pessoais ao Indeed na base descrita abaixo.<\/p>\n<h3><b>Objetivos do processamento<\/b><\/h3>\n<h3>N\u00f3s usamos as informa\u00e7\u00f5es armazenadas sobre voc\u00ea das seguintes maneiras:<\/h3>\n<ul>\n<li>Para avaliar a sua candidatura em rela\u00e7\u00e3o a uma fun\u00e7\u00e3o para a qual voc\u00ea se candidatou.<\/li>\n<li>Para avaliar a sua candidatura em rela\u00e7\u00e3o a outras fun\u00e7\u00f5es.<\/li>\n<li>Para se comunicar com voc\u00ea a respeito do processo de recrutamento.<\/li>\n<li>Para verificar qualquer informa\u00e7\u00e3o que n\u00f3s recebemos de voc\u00ea com informa\u00e7\u00f5es obtidas de fornecedores de dados de terceiros.<\/li>\n<li>Para encontrar candidatos apropriados para preencher nossas vagas de emprego.<\/li>\n<li>Para ajudar nossos provedores de servi\u00e7os (como o\u00a0<em>Workable\u00a0<\/em>e seus processadores e provedores de dados) e Parceiros (como os sites de oportunidades de emprego atrav\u00e9s dos quais voc\u00ea pode ter se candidatado) a melhorar seus servi\u00e7os.<\/li>\n<\/ul>\n<h3><b>Tomada de decis\u00e3o\/elabora\u00e7\u00e3o de perfil automatizada<\/b><\/h3>\n<p>N\u00f3s podemos usar a tecnologia\u00a0<em>Workable\u00a0<\/em>para selecionar e avaliar candidatos com base em crit\u00e9rios expressamente identificados por n\u00f3s, ou t\u00edpicos em rela\u00e7\u00e3o \u00e0 fun\u00e7\u00e3o para a qual voc\u00ea se candidatou. O processo de encontrar candidatos adequados \u00e9 autom\u00e1tico, no entanto, qualquer decis\u00e3o sobre quem n\u00f3s iremos contratar para preencher a vaga ser\u00e1 tomada por nossa equipe.<\/p>\n<h3><b>Divulga\u00e7\u00e3o das suas informa\u00e7\u00f5es<\/b><\/h3>\n<p>Como exposto acima, n\u00f3s passamos suas informa\u00e7\u00f5es para nossos prestadores de servi\u00e7os terceirizados, incluindo o\u00a0<em>Workable<\/em>, que as utilizam somente de acordo com nossas instru\u00e7\u00f5es e conforme exigido por lei.<\/p>\n<p>Ao se candidatar a uma vaga de emprego atrav\u00e9s da funcionalidade Indeed Apply e ao consentir com esta divulga\u00e7\u00e3o, N\u00f3s divulgaremos ao Indeed certos dados pessoais que N\u00f3s possu\u00edmos, incluindo mas n\u00e3o limitados a um identificador \u00fanico usado pelo Indeed para identific\u00e1-lo, e informa\u00e7\u00f5es sobre seu progresso atrav\u00e9s de Nosso processo de contrata\u00e7\u00e3o para a vaga de emprego em quest\u00e3o, bem como informa\u00e7\u00f5es tang\u00edveis, intang\u00edveis, visuais, eletr\u00f4nicas, presentes ou futuras que N\u00f3s possu\u00edmos sobre voc\u00ea, tais como seu nome, detalhes de contato e outras informa\u00e7\u00f5es envolvendo an\u00e1lise de dados relativos a voc\u00ea como candidato a emprego (coletivamente \u201cDados de Disposi\u00e7\u00e3o\u201d). O Aviso de Privacidade do Indeed a respeito do uso dos Dados de Disposi\u00e7\u00e3o est\u00e1 dispon\u00edvel no site do Indeed.<\/p>\n<p>Ao se candidatar a uma vaga de emprego atrav\u00e9s de outro provedor de servi\u00e7os, n\u00f3s podemos divulgar dados similares aos Dados de Disposi\u00e7\u00e3o definidos acima para tal provedor de servi\u00e7os. O prestador de servi\u00e7os ser\u00e1 o controlador desses dados e ser\u00e1, portanto, respons\u00e1vel pelo cumprimento de todas as leis aplic\u00e1veis com rela\u00e7\u00e3o ao uso desses dados ap\u00f3s sua transfer\u00eancia por n\u00f3s.<\/p>\n<p>Quando voc\u00ea for um candidato qualificado a prosseguir para a fase de entrevista, n\u00f3s compartilharemos suas informa\u00e7\u00f5es com a Bryq, a plataforma de avalia\u00e7\u00e3o de talentos que estamos usando para os testes cognitivos. Voc\u00ea pode ler a pol\u00edtica de privacidade da Bryq<a href=\"https:\/\/www.bryq.com\/privacy\/\">\u00a0aqui<\/a>.<\/p>\n<h2><b>Como n\u00f3s armazenamos seus dados pessoais de seguran\u00e7a<\/b><span style=\"font-weight: 400;\">\u00a0<\/span><\/h2>\n<p>Tomamos as medidas apropriadas para assegurar que todos os dados pessoais sejam mantidos seguros, incluindo medidas de seguran\u00e7a para evitar que os dados pessoais sejam acidentalmente perdidos, usados ou acessados de forma n\u00e3o autorizada. N\u00f3s limitamos o acesso aos seus dados pessoais para aqueles que t\u00eam uma genu\u00edna necessidade comercial de conhec\u00ea-los. Aqueles que processam suas informa\u00e7\u00f5es o far\u00e3o apenas de forma autorizada e est\u00e3o sujeitos a uma obriga\u00e7\u00e3o de confidencialidade.<\/p>\n<p>N\u00f3s tamb\u00e9m temos procedimentos em vigor para lidar com qualquer suspeita de viola\u00e7\u00e3o da seguran\u00e7a de dados. N\u00f3s informaremos a voc\u00ea e qualquer regulador aplic\u00e1vel sobre qualquer suspeita de viola\u00e7\u00e3o de seguran\u00e7a de dados, quando formos legalmente obrigados a faz\u00ea-lo.<\/p>\n<p>Infelizmente, a transmiss\u00e3o de informa\u00e7\u00f5es atrav\u00e9s da internet n\u00e3o \u00e9 inteiramente segura. Embora n\u00f3s fa\u00e7amos o nosso melhor para proteger seus dados pessoais, n\u00f3s n\u00e3o podemos garantir a seguran\u00e7a dos seus dados transmitidos por qualquer meio online, portanto, qualquer transmiss\u00e3o permanece por sua conta e risco.<\/p>\n<h3><b>Onde armazenamos seus dados pessoais<\/b><\/h3>\n<p>N\u00f3s armazenamos seus dados pessoais em nossos pr\u00f3prios sistemas localizados na Gr\u00e9cia.<\/p>\n<p>Os dados que N\u00f3s coletamos de voc\u00ea e processamos usando os Servi\u00e7os da\u00a0<em>Workable\u00a0<\/em>poder\u00e3o ser transferidos para, e armazenados em, um destino fora da \u00c1rea Econ\u00f4mica Europeia (\u201cEEA\u201d). Mais especificamente, seus dados podem estar acess\u00edveis para i) o pessoal da\u00a0<em>Workable\u00a0<\/em>nos EUA ou ii) podem ser armazenados pelo provedor de servi\u00e7os de hospedagem do\u00a0<em>Workable\u00a0<\/em>em servidores nos EUA e tamb\u00e9m na UE. Os EUA n\u00e3o t\u00eam as mesmas leis de prote\u00e7\u00e3o de dados que o Reino Unido e a EEA. Um Contrato de Processamento de Dados foi assinado entre a Workable Software Limited e suas empresas do grupo no exterior, e entre a Workable Software Limited e cada um de seus processadores de dados. Estes contratos de processamento de dados s\u00e3o elaborados para ajudar a proteger seus direitos de privacidade e prover recursos no improv\u00e1vel caso de um uso indevido de seus dados pessoais.<\/p>\n<h3><b>Por quanto tempo guardamos seus dados pessoais<\/b><\/h3>\n<p>N\u00f3s iremos armazenar todos os seus dados por 18 meses.<\/p>\n<p>Suas informa\u00e7\u00f5es pessoais ser\u00e3o apagadas antecipadamente em uma das seguintes ocorr\u00eancias:<\/p>\n<ul>\n<li>dele\u00e7\u00e3o de suas informa\u00e7\u00f5es pessoais por voc\u00ea; ou<\/li>\n<li>recebimento de um pedido por escrito de voc\u00ea.<\/li>\n<\/ul>\n<h3><b>Seus direitos<\/b><\/h3>\n<p>Sob a<u>\u00a0LGPD<\/u>\u00a0voc\u00ea tem uma s\u00e9rie de direitos importantes. Em suma, isso inclui os direitos de:<\/p>\n<ul>\n<li>acessar seus dados pessoais e receber uma c\u00f3pia dos mesmos;<\/li>\n<li>corrigir quaisquer erros nas informa\u00e7\u00f5es pessoais que n\u00f3s armazenamos;<\/li>\n<li>apagar seus dados pessoais de acordo com as disposi\u00e7\u00f5es da legisla\u00e7\u00e3o aplic\u00e1vel;<\/li>\n<li>limitar o processamento de seus dados pessoais;<\/li>\n<li>obje\u00e7\u00e3o ao processamento de seus dados pessoais que s\u00e3o armazenados em Nossos registros; e<\/li>\n<li>receber seus dados pessoais em um formato estruturado, comumente usado e leg\u00edvel por m\u00e1quina e de transmiti-los para outra empresa.<\/li>\n<li>Voc\u00ea pode exercer os direitos acima mencionados e enviar qualquer consulta relevante a respeito dos dados pessoais que temos sobre voc\u00ea, enviando um e-mail para data.protection@upstreamsystems.com. Neste caso, voc\u00ea precisar\u00e1 fornecer:<\/li>\n<li>informa\u00e7\u00f5es suficientes para identific\u00e1-lo,<\/li>\n<li>provas de sua identidade, e<\/li>\n<li>os dados sobre os quais a sua solicita\u00e7\u00e3o est\u00e1 relacionada.<\/li>\n<\/ul>\n<h3><b>Como fazer uma reclama\u00e7\u00e3o<\/b><\/h3>\n<p>Esperamos poder resolver qualquer d\u00favida ou preocupa\u00e7\u00e3o que voc\u00ea venha a ter sobre o nosso uso de suas informa\u00e7\u00f5es.<\/p>\n<p>Voc\u00ea tamb\u00e9m tem o direito de apresentar uma reclama\u00e7\u00e3o \u00e0 Autoridade Nacional de Prote\u00e7\u00e3o de Dados (ANPD), se considerar que a empresa viola as leis de prote\u00e7\u00e3o de dados aplic\u00e1veis ao processar seus dados pessoais (<a href=\"https:\/\/www.gov.br\/anpd\/pt-br\">https:\/\/www.gov.br\/anpd\/pt-br<\/a>).<\/p>\n<h3><b>Contato<\/b><\/h3>\n<p>Todas as perguntas, coment\u00e1rios e solicita\u00e7\u00f5es relativos a este Aviso de Privacidade devem ser encaminhados para\u00a0data.protection@upstreamsystems.com<\/p>\n","protected":false},"excerpt":{"rendered":"<p>A Upstream compromete-se a proteger e respeitar a sua privacidade. Este Aviso de Privacidade (juntamente com quaisquer outros documentos aqui referidos) estabelece a base sobre a qual os dados pessoais coletados de voc\u00ea, ou que voc\u00ea nos fornecer, ser\u00e3o processados por n\u00f3s em conex\u00e3o com nossos processos de recrutamento. Quando voc\u00ea se candidata a uma [&hellip;]<\/p>\n","protected":false},"author":2,"featured_media":0,"parent":6192,"menu_order":0,"comment_status":"closed","ping_status":"closed","template":"text","meta":[],"acf":[],"yoast_head":"<!-- This site is optimized with the Yoast SEO plugin v18.9 - https:\/\/yoast.com\/wordpress\/plugins\/seo\/ -->\n<title>Upstream P\u00e1ginas Jur\u00eddicas - Leia nossos termos, condi\u00e7\u00f5es e pol\u00edticas<\/title>\n<meta name=\"description\" content=\"Saiba como lidamos com suas informa\u00e7\u00f5es antes de contratar nossos servi\u00e7os com pol\u00edticas justas e transparentes.\" \/>\n<meta name=\"robots\" content=\"index, follow, max-snippet:-1, max-image-preview:large, max-video-preview:-1\" \/>\n<link rel=\"canonical\" href=\"https:\/\/www.upstreamsystems.com\/pt-br\/legal\/privacy-notice-for-recruitment\/\" \/>\n<meta property=\"og:locale\" content=\"pt_PT\" \/>\n<meta property=\"og:type\" content=\"article\" \/>\n<meta property=\"og:title\" content=\"Upstream P\u00e1ginas Jur\u00eddicas - Leia nossos termos, condi\u00e7\u00f5es e pol\u00edticas\" \/>\n<meta property=\"og:description\" content=\"Saiba como lidamos com suas informa\u00e7\u00f5es antes de contratar nossos servi\u00e7os com pol\u00edticas justas e transparentes.\" \/>\n<meta property=\"og:url\" content=\"https:\/\/www.upstreamsystems.com\/pt-br\/legal\/privacy-notice-for-recruitment\/\" \/>\n<meta property=\"og:site_name\" content=\"Upstream\" \/>\n<meta property=\"article:modified_time\" content=\"2022-11-30T16:38:21+00:00\" \/>\n<meta property=\"og:image\" content=\"https:\/\/www.upstreamsystems.com\/wp-content\/uploads\/2021\/07\/upstream-24.jpg\" \/>\n\t<meta property=\"og:image:width\" content=\"590\" \/>\n\t<meta property=\"og:image:height\" content=\"314\" \/>\n\t<meta property=\"og:image:type\" content=\"image\/jpeg\" \/>\n<meta name=\"twitter:card\" content=\"summary_large_image\" \/>\n<script type=\"application\/ld+json\" class=\"yoast-schema-graph\">{\"@context\":\"https:\/\/schema.org\",\"@graph\":[{\"@type\":\"Organization\",\"@id\":\"https:\/\/www.upstreamsystems.com\/#organization\",\"name\":\"Upstream\",\"url\":\"https:\/\/www.upstreamsystems.com\/\",\"sameAs\":[],\"logo\":{\"@type\":\"ImageObject\",\"inLanguage\":\"pt-BR\",\"@id\":\"https:\/\/www.upstreamsystems.com\/#\/schema\/logo\/image\/\",\"url\":\"https:\/\/www.upstreamsystems.com\/wp-content\/uploads\/2021\/07\/brand.svg\",\"contentUrl\":\"https:\/\/www.upstreamsystems.com\/wp-content\/uploads\/2021\/07\/brand.svg\",\"width\":135,\"height\":38,\"caption\":\"Upstream\"},\"image\":{\"@id\":\"https:\/\/www.upstreamsystems.com\/#\/schema\/logo\/image\/\"}},{\"@type\":\"WebSite\",\"@id\":\"https:\/\/www.upstreamsystems.com\/#website\",\"url\":\"https:\/\/www.upstreamsystems.com\/\",\"name\":\"Upstream\",\"description\":\"The leading martech company\",\"publisher\":{\"@id\":\"https:\/\/www.upstreamsystems.com\/#organization\"},\"potentialAction\":[{\"@type\":\"SearchAction\",\"target\":{\"@type\":\"EntryPoint\",\"urlTemplate\":\"https:\/\/www.upstreamsystems.com\/?s={search_term_string}\"},\"query-input\":\"required name=search_term_string\"}],\"inLanguage\":\"pt-BR\"},{\"@type\":\"WebPage\",\"@id\":\"https:\/\/www.upstreamsystems.com\/pt-br\/legal\/privacy-notice-for-recruitment\/#webpage\",\"url\":\"https:\/\/www.upstreamsystems.com\/pt-br\/legal\/privacy-notice-for-recruitment\/\",\"name\":\"Upstream P\u00e1ginas Jur\u00eddicas - Leia nossos termos, condi\u00e7\u00f5es e pol\u00edticas\",\"isPartOf\":{\"@id\":\"https:\/\/www.upstreamsystems.com\/#website\"},\"datePublished\":\"2021-06-22T14:35:05+00:00\",\"dateModified\":\"2022-11-30T16:38:21+00:00\",\"description\":\"Saiba como lidamos com suas informa\u00e7\u00f5es antes de contratar nossos servi\u00e7os com pol\u00edticas justas e transparentes.\",\"breadcrumb\":{\"@id\":\"https:\/\/www.upstreamsystems.com\/pt-br\/legal\/privacy-notice-for-recruitment\/#breadcrumb\"},\"inLanguage\":\"pt-BR\",\"potentialAction\":[{\"@type\":\"ReadAction\",\"target\":[\"https:\/\/www.upstreamsystems.com\/pt-br\/legal\/privacy-notice-for-recruitment\/\"]}]},{\"@type\":\"BreadcrumbList\",\"@id\":\"https:\/\/www.upstreamsystems.com\/pt-br\/legal\/privacy-notice-for-recruitment\/#breadcrumb\",\"itemListElement\":[{\"@type\":\"ListItem\",\"position\":1,\"name\":\"Home\",\"item\":\"https:\/\/www.upstreamsystems.com\/pt-br\/\"},{\"@type\":\"ListItem\",\"position\":2,\"name\":\"P\u00e1ginas Jur\u00eddicas\",\"item\":\"https:\/\/www.upstreamsystems.com\/pt-br\/legal\/\"},{\"@type\":\"ListItem\",\"position\":3,\"name\":\"Aviso de privacidade para recrutamento\"}]}]}<\/script>\n<!-- \/ Yoast SEO plugin. -->","yoast_head_json":{"title":"Upstream P\u00e1ginas Jur\u00eddicas - Leia nossos termos, condi\u00e7\u00f5es e pol\u00edticas","description":"Saiba como lidamos com suas informa\u00e7\u00f5es antes de contratar nossos servi\u00e7os com pol\u00edticas justas e transparentes.","robots":{"index":"index","follow":"follow","max-snippet":"max-snippet:-1","max-image-preview":"max-image-preview:large","max-video-preview":"max-video-preview:-1"},"canonical":"https:\/\/www.upstreamsystems.com\/pt-br\/legal\/privacy-notice-for-recruitment\/","og_locale":"pt_PT","og_type":"article","og_title":"Upstream P\u00e1ginas Jur\u00eddicas - Leia nossos termos, condi\u00e7\u00f5es e pol\u00edticas","og_description":"Saiba como lidamos com suas informa\u00e7\u00f5es antes de contratar nossos servi\u00e7os com pol\u00edticas justas e transparentes.","og_url":"https:\/\/www.upstreamsystems.com\/pt-br\/legal\/privacy-notice-for-recruitment\/","og_site_name":"Upstream","article_modified_time":"2022-11-30T16:38:21+00:00","og_image":[{"width":590,"height":314,"url":"https:\/\/www.upstreamsystems.com\/wp-content\/uploads\/2021\/07\/upstream-24.jpg","type":"image\/jpeg"}],"twitter_card":"summary_large_image","schema":{"@context":"https:\/\/schema.org","@graph":[{"@type":"Organization","@id":"https:\/\/www.upstreamsystems.com\/#organization","name":"Upstream","url":"https:\/\/www.upstreamsystems.com\/","sameAs":[],"logo":{"@type":"ImageObject","inLanguage":"pt-BR","@id":"https:\/\/www.upstreamsystems.com\/#\/schema\/logo\/image\/","url":"https:\/\/www.upstreamsystems.com\/wp-content\/uploads\/2021\/07\/brand.svg","contentUrl":"https:\/\/www.upstreamsystems.com\/wp-content\/uploads\/2021\/07\/brand.svg","width":135,"height":38,"caption":"Upstream"},"image":{"@id":"https:\/\/www.upstreamsystems.com\/#\/schema\/logo\/image\/"}},{"@type":"WebSite","@id":"https:\/\/www.upstreamsystems.com\/#website","url":"https:\/\/www.upstreamsystems.com\/","name":"Upstream","description":"The leading martech company","publisher":{"@id":"https:\/\/www.upstreamsystems.com\/#organization"},"potentialAction":[{"@type":"SearchAction","target":{"@type":"EntryPoint","urlTemplate":"https:\/\/www.upstreamsystems.com\/?s={search_term_string}"},"query-input":"required name=search_term_string"}],"inLanguage":"pt-BR"},{"@type":"WebPage","@id":"https:\/\/www.upstreamsystems.com\/pt-br\/legal\/privacy-notice-for-recruitment\/#webpage","url":"https:\/\/www.upstreamsystems.com\/pt-br\/legal\/privacy-notice-for-recruitment\/","name":"Upstream P\u00e1ginas Jur\u00eddicas - Leia nossos termos, condi\u00e7\u00f5es e pol\u00edticas","isPartOf":{"@id":"https:\/\/www.upstreamsystems.com\/#website"},"datePublished":"2021-06-22T14:35:05+00:00","dateModified":"2022-11-30T16:38:21+00:00","description":"Saiba como lidamos com suas informa\u00e7\u00f5es antes de contratar nossos servi\u00e7os com pol\u00edticas justas e transparentes.","breadcrumb":{"@id":"https:\/\/www.upstreamsystems.com\/pt-br\/legal\/privacy-notice-for-recruitment\/#breadcrumb"},"inLanguage":"pt-BR","potentialAction":[{"@type":"ReadAction","target":["https:\/\/www.upstreamsystems.com\/pt-br\/legal\/privacy-notice-for-recruitment\/"]}]},{"@type":"BreadcrumbList","@id":"https:\/\/www.upstreamsystems.com\/pt-br\/legal\/privacy-notice-for-recruitment\/#breadcrumb","itemListElement":[{"@type":"ListItem","position":1,"name":"Home","item":"https:\/\/www.upstreamsystems.com\/pt-br\/"},{"@type":"ListItem","position":2,"name":"P\u00e1ginas Jur\u00eddicas","item":"https:\/\/www.upstreamsystems.com\/pt-br\/legal\/"},{"@type":"ListItem","position":3,"name":"Aviso de privacidade para recrutamento"}]}]}},"_links":{"self":[{"href":"https:\/\/www.upstreamsystems.com\/pt-br\/wp-json\/wp\/v2\/pages\/6197"}],"collection":[{"href":"https:\/\/www.upstreamsystems.com\/pt-br\/wp-json\/wp\/v2\/pages"}],"about":[{"href":"https:\/\/www.upstreamsystems.com\/pt-br\/wp-json\/wp\/v2\/types\/page"}],"author":[{"embeddable":true,"href":"https:\/\/www.upstreamsystems.com\/pt-br\/wp-json\/wp\/v2\/users\/2"}],"replies":[{"embeddable":true,"href":"https:\/\/www.upstreamsystems.com\/pt-br\/wp-json\/wp\/v2\/comments?post=6197"}],"version-history":[{"count":0,"href":"https:\/\/www.upstreamsystems.com\/pt-br\/wp-json\/wp\/v2\/pages\/6197\/revisions"}],"up":[{"embeddable":true,"href":"https:\/\/www.upstreamsystems.com\/pt-br\/wp-json\/wp\/v2\/pages\/6192"}],"wp:attachment":[{"href":"https:\/\/www.upstreamsystems.com\/pt-br\/wp-json\/wp\/v2\/media?parent=6197"}],"curies":[{"name":"wp","href":"https:\/\/api.w.org\/{rel}","templated":true}]}}