{"id":6198,"date":"2021-06-22T14:27:44","date_gmt":"2021-06-22T14:27:44","guid":{"rendered":"https:\/\/www.upstreamsystems.com\/legal\/privacy-policy\/"},"modified":"2023-03-09T11:08:05","modified_gmt":"2023-03-09T11:08:05","slug":"privacy-policy","status":"publish","type":"page","link":"https:\/\/www.upstreamsystems.com\/pt-br\/legal\/privacy-policy\/","title":{"rendered":"Pol\u00edtica de Privacidade"},"content":{"rendered":"<p>A Upstream Mobile Commerce do Brasil Ltda (doravante \u201cUpstream\u201d ou \u201cn\u00f3s\u201d) se compromete a proteger os dados pessoais dos visitantes de seu site e dos usu\u00e1rios finais dos nossos servi\u00e7os disponibilizados por meio da plataforma Upstream a empresas (os \u201cClientes\u201d). Por favor, leia cuidadosamente esta pol\u00edtica para entender como coletamos e usamos seus dados pessoais, bem como seus direitos relacionados ao processamento de seus dados pessoais pela Upstream. N\u00f3s nos reservamos o direito de atualizar ou revisar esta pol\u00edtica a qualquer momento, portanto, consulte esta p\u00e1gina regularmente para eventuais altera\u00e7\u00f5es. Se voc\u00ea for um usu\u00e1rio final de nossos servi\u00e7os acessando ou usando os servi\u00e7os de um Cliente, observe que o uso dos servi\u00e7os de um Cliente \u00e9 regido pelos termos de servi\u00e7o por escrito e pela pol\u00edtica de privacidade escrita publicada pelo Cliente no site do Cliente.<\/p>\n<h3>1. Quais dados sobre voc\u00ea coletamos e para quais prop\u00f3sitos?<\/h3>\n<h2><strong>Por meio do site da Upstream:<\/strong><\/h2>\n<p>Voc\u00ea n\u00e3o \u00e9 obrigado a nos fornecer nenhuma informa\u00e7\u00e3o pessoal para navegar em nosso site. Entretanto, voc\u00ea poder\u00e1 nos fornecer suas informa\u00e7\u00f5es pessoais a) quando voc\u00ea manifestar seu interesse em receber um de nossos relat\u00f3rios, solicitar uma demonstra\u00e7\u00e3o, se inscrever para receber a nossa newsletter, quiser entrar em contato conosco e b) quando voc\u00ea quiser se candidatar a uma vaga de emprego.<\/p>\n<p>Para receber um de nossos relat\u00f3rios, solicitar uma demonstra\u00e7\u00e3o e entrar em contato conosco, voc\u00ea precisar\u00e1 nos fornecer seu nome, sobrenome, e-mail, nome da empresa e cargo (Setor e Pa\u00eds s\u00e3o opcionais). Caso prefira ser contatado por telefone ao solicitar uma demonstra\u00e7\u00e3o,\u00a0 forne\u00e7a tamb\u00e9m seu n\u00famero de telefone. N\u00f3s usaremos seus dados somente para atender \u00e0 sua solicita\u00e7\u00e3o. Caso voc\u00ea queira receber e-mails com outras informa\u00e7\u00f5es sobre a Upstream no futuro, voc\u00ea precisar\u00e1 nos dar seu consentimento, marcando a caixa de consentimento relevante antes de enviar sua solicita\u00e7\u00e3o ou voc\u00ea pode se inscrever nos fornecendo seu e-mail na se\u00e7\u00e3o de recursos. Voc\u00ea poder\u00e1 revogar seu consentimento a qualquer momento no futuro, de acordo com as instru\u00e7\u00f5es fornecidas em cada comunica\u00e7\u00e3o por e-mail ou enviando uma \u201csolicita\u00e7\u00e3o de desativa\u00e7\u00e3o de e-mail marketing\u201d para <a href=\"mailto:corp.comms@upstreamsystems.com\">corp.comms@upstreamsystems.com<\/a>\u00a0.<\/p>\n<p>Se voc\u00ea se candidatar a um emprego, n\u00f3s processaremos seus dados a fim de avaliar suas qualifica\u00e7\u00f5es e tomar uma decis\u00e3o a respeito de sua inscri\u00e7\u00e3o. Informa\u00e7\u00f5es mais detalhadas sobre o processamento de seus dados pessoais para fins de recrutamento podem ser encontradas no <a href=\"https:\/\/www.upstreamsystems.com\/pt-br\/legal\/privacy-notice-for-recruitment\/\" target=\"_blank\" rel=\"noopener\">Aviso de Privacidade para Recrutamento<\/a> e no envio da sua candidatura online para n\u00f3s.<\/p>\n<h2><strong>Por meio dos servi\u00e7os da Upstream:<\/strong><\/h2>\n<p>Se voc\u00ea for um usu\u00e1rio final de nossos servi\u00e7os acessando ou usando os servi\u00e7os de um Cliente, observe que o uso dos servi\u00e7os de um Cliente \u00e9 regido pelos termos de servi\u00e7o por escrito e pela pol\u00edtica de privacidade escrita publicada pelo Cliente no site do Cliente.<\/p>\n<h3>2. Uso de cookies<\/h3>\n<p>N\u00f3s usamos cookies neste site. Para mais informa\u00e7\u00f5es, consulte nossa\u00a0<a href=\"https:\/\/www.upstreamsystems.com\/pt-br\/legal\/cookie-policy\/\">pol\u00edtica sobre cookies.<\/a><\/p>\n<h3>3. Quem tem acesso aos seus dados pessoais?<\/h3>\n<p>N\u00e3o vendemos ou disponibilizamos endere\u00e7os de e-mail, n\u00fameros de celular e outros dados pessoais coletados por meio do site da Upstream ou transmitidos ou coletados por meio de nossos servi\u00e7os.<\/p>\n<p>N\u00f3s n\u00e3o compartilharemos ou divulgaremos seus dados pessoais a terceiros, exceto aos nossos provedores de servi\u00e7os confi\u00e1veis, incluindo empresas de TI e plataformas CRM que agem em nome e sob as instru\u00e7\u00f5es de nossa empresa e s\u00e3o obrigados a cumprir com todas as medidas t\u00e9cnicas e organizacionais necess\u00e1rias para a prote\u00e7\u00e3o de seus dados pessoais. No caso de transfer\u00eancia dos seus dados pessoais para prestadores de servi\u00e7os localizados fora da Uni\u00e3o Europeia e da \u00c1rea Econ\u00f4mica Europeia, o faremos em total conformidade com a legisla\u00e7\u00e3o de prote\u00e7\u00e3o de dados e com base em uma decis\u00e3o de adequa\u00e7\u00e3o emitida pela Comiss\u00e3o Europeia ou outras salvaguardas suficientes, incluindo a execu\u00e7\u00e3o de cl\u00e1usulas modelo com os prestadores de servi\u00e7os que recebem seus dados pessoais.<\/p>\n<p>A seguran\u00e7a dos seus dados pessoais \u00e9 de m\u00e1xima import\u00e2ncia para n\u00f3s. Estamos empenhados em assegurar as mais altas medidas t\u00e9cnicas e organizacionais para proteger a integridade, confidencialidade e disponibilidade de dados pessoais e para impedir o acesso n\u00e3o autorizado, uso indevido, divulga\u00e7\u00e3o, destrui\u00e7\u00e3o ilegal ou perda destes dados.<\/p>\n<h3>4. Por quanto tempo n\u00f3s reteremos seus dados pessoais?<\/h3>\n<p>N\u00f3s manteremos seus dados pessoais somente pelo tempo necess\u00e1rio para os prop\u00f3sitos do processamento mencionado acima. Com rela\u00e7\u00e3o \u00e0s suas informa\u00e7\u00f5es pessoais inclu\u00eddas na sua proposta de emprego, consulte o Aviso de Privacidade para Recrutamento.<\/p>\n<h3>5. Seus direitos<\/h3>\n<p>Voc\u00ea tem o direito de solicitar uma c\u00f3pia de todos os dados pessoais que temos em nossa posse. Voc\u00ea tamb\u00e9m tem o direito de ter seus dados apagados ou retificados e o direito de restringir e se opor ao processamento de seus dados pessoais pela Upstream. Al\u00e9m disso, sob certas circunst\u00e2ncias, voc\u00ea poder\u00e1 solicitar o recebimento dos dados pessoais que armazenamos em um formato estruturado, comumente usado e leg\u00edvel por m\u00e1quina e a transmiss\u00e3o dos mesmos para outra empresa sugerida por voc\u00ea. Os direitos acima poder\u00e3o ser exercidos atrav\u00e9s do envio de um e-mail para o endere\u00e7o eletr\u00f4nico fornecido abaixo.<\/p>\n<p>Se voc\u00ea \u00e9 um usu\u00e1rio final de um Cliente que usa os servi\u00e7os da Upstream e deseja editar ou excluir qualquer informa\u00e7\u00e3o coletada sobre voc\u00ea, voc\u00ea deve entrar em contato diretamente com o Cliente.<\/p>\n<p>Finalmente, se voc\u00ea considerar que a Upstream viola as leis de prote\u00e7\u00e3o de dados aplic\u00e1veis ao processar seus dados pessoais, voc\u00ea ter\u00e1 o direito de apresentar uma reclama\u00e7\u00e3o junto \u00e0 Autoridade Nacional de Prote\u00e7\u00e3o de Dados (ANPD)<br \/>\n(https:\/\/www.gov.br\/anpd\/pt-br).<\/p>\n<h3>6. Informa\u00e7\u00f5es de contato<\/h3>\n<p>Se voc\u00ea tiver alguma d\u00favida sobre esta Pol\u00edtica de Privacidade ou se desejar exercer algum dos direitos acima ou manifestar alguma quest\u00e3o, voc\u00ea poder\u00e1 entrar em contato com nosso Oficial de Prote\u00e7\u00e3o de Dados atrav\u00e9s do e-mail privacy.ecommerce@upstreamsystems.com.<\/p>\n<p>\u00daltima atualiza\u00e7\u00e3o: 03\/03\/2023<\/p>\n","protected":false},"excerpt":{"rendered":"<p>A Upstream Mobile Commerce do Brasil Ltda (doravante \u201cUpstream\u201d ou \u201cn\u00f3s\u201d) se compromete a proteger os dados pessoais dos visitantes de seu site e dos usu\u00e1rios finais dos nossos servi\u00e7os disponibilizados por meio da plataforma Upstream a empresas (os \u201cClientes\u201d). Por favor, leia cuidadosamente esta pol\u00edtica para entender como coletamos e usamos seus dados pessoais, [&hellip;]<\/p>\n","protected":false},"author":2,"featured_media":0,"parent":6192,"menu_order":0,"comment_status":"closed","ping_status":"closed","template":"text","meta":[],"acf":[],"yoast_head":"<!-- This site is optimized with the Yoast SEO plugin v18.9 - https:\/\/yoast.com\/wordpress\/plugins\/seo\/ -->\n<title>Upstream P\u00e1ginas Jur\u00eddicas - Leia nossos termos, condi\u00e7\u00f5es e pol\u00edticas<\/title>\n<meta name=\"description\" content=\"Saiba como lidamos com suas informa\u00e7\u00f5es antes de contratar nossos servi\u00e7os com pol\u00edticas justas e transparentes.\" \/>\n<meta name=\"robots\" content=\"index, follow, max-snippet:-1, max-image-preview:large, max-video-preview:-1\" \/>\n<link rel=\"canonical\" href=\"https:\/\/www.upstreamsystems.com\/pt-br\/legal\/privacy-policy\/\" \/>\n<meta property=\"og:locale\" content=\"pt_PT\" \/>\n<meta property=\"og:type\" content=\"article\" \/>\n<meta property=\"og:title\" content=\"Upstream P\u00e1ginas Jur\u00eddicas - Leia nossos termos, condi\u00e7\u00f5es e pol\u00edticas\" \/>\n<meta property=\"og:description\" content=\"Saiba como lidamos com suas informa\u00e7\u00f5es antes de contratar nossos servi\u00e7os com pol\u00edticas justas e transparentes.\" \/>\n<meta property=\"og:url\" content=\"https:\/\/www.upstreamsystems.com\/pt-br\/legal\/privacy-policy\/\" \/>\n<meta property=\"og:site_name\" content=\"Upstream\" \/>\n<meta property=\"article:modified_time\" content=\"2023-03-09T11:08:05+00:00\" \/>\n<meta property=\"og:image\" content=\"https:\/\/www.upstreamsystems.com\/wp-content\/uploads\/2021\/07\/upstream-24.jpg\" \/>\n\t<meta property=\"og:image:width\" content=\"590\" \/>\n\t<meta property=\"og:image:height\" content=\"314\" \/>\n\t<meta property=\"og:image:type\" content=\"image\/jpeg\" \/>\n<meta name=\"twitter:card\" content=\"summary_large_image\" \/>\n<script type=\"application\/ld+json\" class=\"yoast-schema-graph\">{\"@context\":\"https:\/\/schema.org\",\"@graph\":[{\"@type\":\"Organization\",\"@id\":\"https:\/\/www.upstreamsystems.com\/#organization\",\"name\":\"Upstream\",\"url\":\"https:\/\/www.upstreamsystems.com\/\",\"sameAs\":[],\"logo\":{\"@type\":\"ImageObject\",\"inLanguage\":\"pt-BR\",\"@id\":\"https:\/\/www.upstreamsystems.com\/#\/schema\/logo\/image\/\",\"url\":\"https:\/\/www.upstreamsystems.com\/wp-content\/uploads\/2021\/07\/brand.svg\",\"contentUrl\":\"https:\/\/www.upstreamsystems.com\/wp-content\/uploads\/2021\/07\/brand.svg\",\"width\":135,\"height\":38,\"caption\":\"Upstream\"},\"image\":{\"@id\":\"https:\/\/www.upstreamsystems.com\/#\/schema\/logo\/image\/\"}},{\"@type\":\"WebSite\",\"@id\":\"https:\/\/www.upstreamsystems.com\/#website\",\"url\":\"https:\/\/www.upstreamsystems.com\/\",\"name\":\"Upstream\",\"description\":\"The leading martech company\",\"publisher\":{\"@id\":\"https:\/\/www.upstreamsystems.com\/#organization\"},\"potentialAction\":[{\"@type\":\"SearchAction\",\"target\":{\"@type\":\"EntryPoint\",\"urlTemplate\":\"https:\/\/www.upstreamsystems.com\/?s={search_term_string}\"},\"query-input\":\"required name=search_term_string\"}],\"inLanguage\":\"pt-BR\"},{\"@type\":\"WebPage\",\"@id\":\"https:\/\/www.upstreamsystems.com\/pt-br\/legal\/privacy-policy\/#webpage\",\"url\":\"https:\/\/www.upstreamsystems.com\/pt-br\/legal\/privacy-policy\/\",\"name\":\"Upstream P\u00e1ginas Jur\u00eddicas - Leia nossos termos, condi\u00e7\u00f5es e pol\u00edticas\",\"isPartOf\":{\"@id\":\"https:\/\/www.upstreamsystems.com\/#website\"},\"datePublished\":\"2021-06-22T14:27:44+00:00\",\"dateModified\":\"2023-03-09T11:08:05+00:00\",\"description\":\"Saiba como lidamos com suas informa\u00e7\u00f5es antes de contratar nossos servi\u00e7os com pol\u00edticas justas e transparentes.\",\"breadcrumb\":{\"@id\":\"https:\/\/www.upstreamsystems.com\/pt-br\/legal\/privacy-policy\/#breadcrumb\"},\"inLanguage\":\"pt-BR\",\"potentialAction\":[{\"@type\":\"ReadAction\",\"target\":[\"https:\/\/www.upstreamsystems.com\/pt-br\/legal\/privacy-policy\/\"]}]},{\"@type\":\"BreadcrumbList\",\"@id\":\"https:\/\/www.upstreamsystems.com\/pt-br\/legal\/privacy-policy\/#breadcrumb\",\"itemListElement\":[{\"@type\":\"ListItem\",\"position\":1,\"name\":\"Home\",\"item\":\"https:\/\/www.upstreamsystems.com\/pt-br\/\"},{\"@type\":\"ListItem\",\"position\":2,\"name\":\"P\u00e1ginas Jur\u00eddicas\",\"item\":\"https:\/\/www.upstreamsystems.com\/pt-br\/legal\/\"},{\"@type\":\"ListItem\",\"position\":3,\"name\":\"Pol\u00edtica de Privacidade\"}]}]}<\/script>\n<!-- \/ Yoast SEO plugin. -->","yoast_head_json":{"title":"Upstream P\u00e1ginas Jur\u00eddicas - Leia nossos termos, condi\u00e7\u00f5es e pol\u00edticas","description":"Saiba como lidamos com suas informa\u00e7\u00f5es antes de contratar nossos servi\u00e7os com pol\u00edticas justas e transparentes.","robots":{"index":"index","follow":"follow","max-snippet":"max-snippet:-1","max-image-preview":"max-image-preview:large","max-video-preview":"max-video-preview:-1"},"canonical":"https:\/\/www.upstreamsystems.com\/pt-br\/legal\/privacy-policy\/","og_locale":"pt_PT","og_type":"article","og_title":"Upstream P\u00e1ginas Jur\u00eddicas - Leia nossos termos, condi\u00e7\u00f5es e pol\u00edticas","og_description":"Saiba como lidamos com suas informa\u00e7\u00f5es antes de contratar nossos servi\u00e7os com pol\u00edticas justas e transparentes.","og_url":"https:\/\/www.upstreamsystems.com\/pt-br\/legal\/privacy-policy\/","og_site_name":"Upstream","article_modified_time":"2023-03-09T11:08:05+00:00","og_image":[{"width":590,"height":314,"url":"https:\/\/www.upstreamsystems.com\/wp-content\/uploads\/2021\/07\/upstream-24.jpg","type":"image\/jpeg"}],"twitter_card":"summary_large_image","schema":{"@context":"https:\/\/schema.org","@graph":[{"@type":"Organization","@id":"https:\/\/www.upstreamsystems.com\/#organization","name":"Upstream","url":"https:\/\/www.upstreamsystems.com\/","sameAs":[],"logo":{"@type":"ImageObject","inLanguage":"pt-BR","@id":"https:\/\/www.upstreamsystems.com\/#\/schema\/logo\/image\/","url":"https:\/\/www.upstreamsystems.com\/wp-content\/uploads\/2021\/07\/brand.svg","contentUrl":"https:\/\/www.upstreamsystems.com\/wp-content\/uploads\/2021\/07\/brand.svg","width":135,"height":38,"caption":"Upstream"},"image":{"@id":"https:\/\/www.upstreamsystems.com\/#\/schema\/logo\/image\/"}},{"@type":"WebSite","@id":"https:\/\/www.upstreamsystems.com\/#website","url":"https:\/\/www.upstreamsystems.com\/","name":"Upstream","description":"The leading martech company","publisher":{"@id":"https:\/\/www.upstreamsystems.com\/#organization"},"potentialAction":[{"@type":"SearchAction","target":{"@type":"EntryPoint","urlTemplate":"https:\/\/www.upstreamsystems.com\/?s={search_term_string}"},"query-input":"required name=search_term_string"}],"inLanguage":"pt-BR"},{"@type":"WebPage","@id":"https:\/\/www.upstreamsystems.com\/pt-br\/legal\/privacy-policy\/#webpage","url":"https:\/\/www.upstreamsystems.com\/pt-br\/legal\/privacy-policy\/","name":"Upstream P\u00e1ginas Jur\u00eddicas - Leia nossos termos, condi\u00e7\u00f5es e pol\u00edticas","isPartOf":{"@id":"https:\/\/www.upstreamsystems.com\/#website"},"datePublished":"2021-06-22T14:27:44+00:00","dateModified":"2023-03-09T11:08:05+00:00","description":"Saiba como lidamos com suas informa\u00e7\u00f5es antes de contratar nossos servi\u00e7os com pol\u00edticas justas e transparentes.","breadcrumb":{"@id":"https:\/\/www.upstreamsystems.com\/pt-br\/legal\/privacy-policy\/#breadcrumb"},"inLanguage":"pt-BR","potentialAction":[{"@type":"ReadAction","target":["https:\/\/www.upstreamsystems.com\/pt-br\/legal\/privacy-policy\/"]}]},{"@type":"BreadcrumbList","@id":"https:\/\/www.upstreamsystems.com\/pt-br\/legal\/privacy-policy\/#breadcrumb","itemListElement":[{"@type":"ListItem","position":1,"name":"Home","item":"https:\/\/www.upstreamsystems.com\/pt-br\/"},{"@type":"ListItem","position":2,"name":"P\u00e1ginas Jur\u00eddicas","item":"https:\/\/www.upstreamsystems.com\/pt-br\/legal\/"},{"@type":"ListItem","position":3,"name":"Pol\u00edtica de Privacidade"}]}]}},"_links":{"self":[{"href":"https:\/\/www.upstreamsystems.com\/pt-br\/wp-json\/wp\/v2\/pages\/6198"}],"collection":[{"href":"https:\/\/www.upstreamsystems.com\/pt-br\/wp-json\/wp\/v2\/pages"}],"about":[{"href":"https:\/\/www.upstreamsystems.com\/pt-br\/wp-json\/wp\/v2\/types\/page"}],"author":[{"embeddable":true,"href":"https:\/\/www.upstreamsystems.com\/pt-br\/wp-json\/wp\/v2\/users\/2"}],"replies":[{"embeddable":true,"href":"https:\/\/www.upstreamsystems.com\/pt-br\/wp-json\/wp\/v2\/comments?post=6198"}],"version-history":[{"count":0,"href":"https:\/\/www.upstreamsystems.com\/pt-br\/wp-json\/wp\/v2\/pages\/6198\/revisions"}],"up":[{"embeddable":true,"href":"https:\/\/www.upstreamsystems.com\/pt-br\/wp-json\/wp\/v2\/pages\/6192"}],"wp:attachment":[{"href":"https:\/\/www.upstreamsystems.com\/pt-br\/wp-json\/wp\/v2\/media?parent=6198"}],"curies":[{"name":"wp","href":"https:\/\/api.w.org\/{rel}","templated":true}]}}