{"id":6202,"date":"2021-06-15T13:59:58","date_gmt":"2021-06-15T13:59:58","guid":{"rendered":"https:\/\/www.upstreamsystems.com\/solutions\/"},"modified":"2023-02-17T14:40:34","modified_gmt":"2023-02-17T14:40:34","slug":"solucoes","status":"publish","type":"page","link":"https:\/\/www.upstreamsystems.com\/pt-br\/solucoes\/","title":{"rendered":"Solu\u00e7\u00f5es"},"content":{"rendered":"","protected":false},"excerpt":{"rendered":"","protected":false},"author":2,"featured_media":0,"parent":0,"menu_order":0,"comment_status":"closed","ping_status":"closed","template":"inner","meta":[],"acf":[],"yoast_head":"<!-- This site is optimized with the Yoast SEO plugin v18.9 - https:\/\/yoast.com\/wordpress\/plugins\/seo\/ -->\n<title>Upstream Solu\u00e7\u00f5es - Engajamento do cliente mobile a um novo patamar<\/title>\n<meta name=\"description\" content=\"A Upstream \u00e9 o parceiro ideal para maximizar leads, crescer a sua base de contatos e aumentar as vendas em todos os canais mobile poss\u00edveis.\" \/>\n<meta name=\"robots\" content=\"index, follow, max-snippet:-1, max-image-preview:large, max-video-preview:-1\" \/>\n<link rel=\"canonical\" href=\"https:\/\/www.upstreamsystems.com\/pt-br\/solucoes\/\" \/>\n<meta property=\"og:locale\" content=\"pt_PT\" \/>\n<meta property=\"og:type\" content=\"article\" \/>\n<meta property=\"og:title\" content=\"Upstream Solu\u00e7\u00f5es - Engajamento do cliente mobile a um novo patamar\" \/>\n<meta property=\"og:description\" content=\"A Upstream \u00e9 o parceiro ideal para maximizar leads, crescer a sua base de contatos e aumentar as vendas em todos os canais mobile poss\u00edveis.\" \/>\n<meta property=\"og:url\" content=\"https:\/\/www.upstreamsystems.com\/pt-br\/solucoes\/\" \/>\n<meta property=\"og:site_name\" content=\"Upstream\" \/>\n<meta property=\"article:modified_time\" content=\"2023-02-17T14:40:34+00:00\" \/>\n<meta property=\"og:image\" content=\"https:\/\/www.upstreamsystems.com\/wp-content\/uploads\/2021\/07\/upstream-24.jpg\" \/>\n\t<meta property=\"og:image:width\" content=\"590\" \/>\n\t<meta property=\"og:image:height\" content=\"314\" \/>\n\t<meta property=\"og:image:type\" content=\"image\/jpeg\" \/>\n<meta name=\"twitter:card\" content=\"summary_large_image\" \/>\n<script type=\"application\/ld+json\" class=\"yoast-schema-graph\">{\"@context\":\"https:\/\/schema.org\",\"@graph\":[{\"@type\":\"Organization\",\"@id\":\"https:\/\/www.upstreamsystems.com\/#organization\",\"name\":\"Upstream\",\"url\":\"https:\/\/www.upstreamsystems.com\/\",\"sameAs\":[],\"logo\":{\"@type\":\"ImageObject\",\"inLanguage\":\"pt-BR\",\"@id\":\"https:\/\/www.upstreamsystems.com\/#\/schema\/logo\/image\/\",\"url\":\"https:\/\/www.upstreamsystems.com\/wp-content\/uploads\/2021\/07\/brand.svg\",\"contentUrl\":\"https:\/\/www.upstreamsystems.com\/wp-content\/uploads\/2021\/07\/brand.svg\",\"width\":135,\"height\":38,\"caption\":\"Upstream\"},\"image\":{\"@id\":\"https:\/\/www.upstreamsystems.com\/#\/schema\/logo\/image\/\"}},{\"@type\":\"WebSite\",\"@id\":\"https:\/\/www.upstreamsystems.com\/#website\",\"url\":\"https:\/\/www.upstreamsystems.com\/\",\"name\":\"Upstream\",\"description\":\"The leading martech company\",\"publisher\":{\"@id\":\"https:\/\/www.upstreamsystems.com\/#organization\"},\"potentialAction\":[{\"@type\":\"SearchAction\",\"target\":{\"@type\":\"EntryPoint\",\"urlTemplate\":\"https:\/\/www.upstreamsystems.com\/?s={search_term_string}\"},\"query-input\":\"required name=search_term_string\"}],\"inLanguage\":\"pt-BR\"},{\"@type\":\"WebPage\",\"@id\":\"https:\/\/www.upstreamsystems.com\/pt-br\/solucoes\/#webpage\",\"url\":\"https:\/\/www.upstreamsystems.com\/pt-br\/solucoes\/\",\"name\":\"Upstream Solu\u00e7\u00f5es - Engajamento do cliente mobile a um novo patamar\",\"isPartOf\":{\"@id\":\"https:\/\/www.upstreamsystems.com\/#website\"},\"datePublished\":\"2021-06-15T13:59:58+00:00\",\"dateModified\":\"2023-02-17T14:40:34+00:00\",\"description\":\"A Upstream \u00e9 o parceiro ideal para maximizar leads, crescer a sua base de contatos e aumentar as vendas em todos os canais mobile poss\u00edveis.\",\"breadcrumb\":{\"@id\":\"https:\/\/www.upstreamsystems.com\/pt-br\/solucoes\/#breadcrumb\"},\"inLanguage\":\"pt-BR\",\"potentialAction\":[{\"@type\":\"ReadAction\",\"target\":[\"https:\/\/www.upstreamsystems.com\/pt-br\/solucoes\/\"]}]},{\"@type\":\"BreadcrumbList\",\"@id\":\"https:\/\/www.upstreamsystems.com\/pt-br\/solucoes\/#breadcrumb\",\"itemListElement\":[{\"@type\":\"ListItem\",\"position\":1,\"name\":\"Home\",\"item\":\"https:\/\/www.upstreamsystems.com\/pt-br\/\"},{\"@type\":\"ListItem\",\"position\":2,\"name\":\"Solu\u00e7\u00f5es\"}]}]}<\/script>\n<!-- \/ Yoast SEO plugin. -->","yoast_head_json":{"title":"Upstream Solu\u00e7\u00f5es - Engajamento do cliente mobile a um novo patamar","description":"A Upstream \u00e9 o parceiro ideal para maximizar leads, crescer a sua base de contatos e aumentar as vendas em todos os canais mobile poss\u00edveis.","robots":{"index":"index","follow":"follow","max-snippet":"max-snippet:-1","max-image-preview":"max-image-preview:large","max-video-preview":"max-video-preview:-1"},"canonical":"https:\/\/www.upstreamsystems.com\/pt-br\/solucoes\/","og_locale":"pt_PT","og_type":"article","og_title":"Upstream Solu\u00e7\u00f5es - Engajamento do cliente mobile a um novo patamar","og_description":"A Upstream \u00e9 o parceiro ideal para maximizar leads, crescer a sua base de contatos e aumentar as vendas em todos os canais mobile poss\u00edveis.","og_url":"https:\/\/www.upstreamsystems.com\/pt-br\/solucoes\/","og_site_name":"Upstream","article_modified_time":"2023-02-17T14:40:34+00:00","og_image":[{"width":590,"height":314,"url":"https:\/\/www.upstreamsystems.com\/wp-content\/uploads\/2021\/07\/upstream-24.jpg","type":"image\/jpeg"}],"twitter_card":"summary_large_image","schema":{"@context":"https:\/\/schema.org","@graph":[{"@type":"Organization","@id":"https:\/\/www.upstreamsystems.com\/#organization","name":"Upstream","url":"https:\/\/www.upstreamsystems.com\/","sameAs":[],"logo":{"@type":"ImageObject","inLanguage":"pt-BR","@id":"https:\/\/www.upstreamsystems.com\/#\/schema\/logo\/image\/","url":"https:\/\/www.upstreamsystems.com\/wp-content\/uploads\/2021\/07\/brand.svg","contentUrl":"https:\/\/www.upstreamsystems.com\/wp-content\/uploads\/2021\/07\/brand.svg","width":135,"height":38,"caption":"Upstream"},"image":{"@id":"https:\/\/www.upstreamsystems.com\/#\/schema\/logo\/image\/"}},{"@type":"WebSite","@id":"https:\/\/www.upstreamsystems.com\/#website","url":"https:\/\/www.upstreamsystems.com\/","name":"Upstream","description":"The leading martech company","publisher":{"@id":"https:\/\/www.upstreamsystems.com\/#organization"},"potentialAction":[{"@type":"SearchAction","target":{"@type":"EntryPoint","urlTemplate":"https:\/\/www.upstreamsystems.com\/?s={search_term_string}"},"query-input":"required name=search_term_string"}],"inLanguage":"pt-BR"},{"@type":"WebPage","@id":"https:\/\/www.upstreamsystems.com\/pt-br\/solucoes\/#webpage","url":"https:\/\/www.upstreamsystems.com\/pt-br\/solucoes\/","name":"Upstream Solu\u00e7\u00f5es - Engajamento do cliente mobile a um novo patamar","isPartOf":{"@id":"https:\/\/www.upstreamsystems.com\/#website"},"datePublished":"2021-06-15T13:59:58+00:00","dateModified":"2023-02-17T14:40:34+00:00","description":"A Upstream \u00e9 o parceiro ideal para maximizar leads, crescer a sua base de contatos e aumentar as vendas em todos os canais mobile poss\u00edveis.","breadcrumb":{"@id":"https:\/\/www.upstreamsystems.com\/pt-br\/solucoes\/#breadcrumb"},"inLanguage":"pt-BR","potentialAction":[{"@type":"ReadAction","target":["https:\/\/www.upstreamsystems.com\/pt-br\/solucoes\/"]}]},{"@type":"BreadcrumbList","@id":"https:\/\/www.upstreamsystems.com\/pt-br\/solucoes\/#breadcrumb","itemListElement":[{"@type":"ListItem","position":1,"name":"Home","item":"https:\/\/www.upstreamsystems.com\/pt-br\/"},{"@type":"ListItem","position":2,"name":"Solu\u00e7\u00f5es"}]}]}},"_links":{"self":[{"href":"https:\/\/www.upstreamsystems.com\/pt-br\/wp-json\/wp\/v2\/pages\/6202"}],"collection":[{"href":"https:\/\/www.upstreamsystems.com\/pt-br\/wp-json\/wp\/v2\/pages"}],"about":[{"href":"https:\/\/www.upstreamsystems.com\/pt-br\/wp-json\/wp\/v2\/types\/page"}],"author":[{"embeddable":true,"href":"https:\/\/www.upstreamsystems.com\/pt-br\/wp-json\/wp\/v2\/users\/2"}],"replies":[{"embeddable":true,"href":"https:\/\/www.upstreamsystems.com\/pt-br\/wp-json\/wp\/v2\/comments?post=6202"}],"version-history":[{"count":0,"href":"https:\/\/www.upstreamsystems.com\/pt-br\/wp-json\/wp\/v2\/pages\/6202\/revisions"}],"wp:attachment":[{"href":"https:\/\/www.upstreamsystems.com\/pt-br\/wp-json\/wp\/v2\/media?parent=6202"}],"curies":[{"name":"wp","href":"https:\/\/api.w.org\/{rel}","templated":true}]}}