{"id":6226,"date":"2021-06-15T10:27:50","date_gmt":"2021-06-15T10:27:50","guid":{"rendered":"https:\/\/www.upstreamsystems.com\/upstream-method\/"},"modified":"2023-02-17T14:11:08","modified_gmt":"2023-02-17T14:11:08","slug":"o-metodo-upstream","status":"publish","type":"page","link":"https:\/\/www.upstreamsystems.com\/pt-br\/o-metodo-upstream\/","title":{"rendered":"O M\u00e9todo Upstream"},"content":{"rendered":"","protected":false},"excerpt":{"rendered":"","protected":false},"author":2,"featured_media":0,"parent":0,"menu_order":0,"comment_status":"closed","ping_status":"closed","template":"inner","meta":[],"acf":[],"yoast_head":"<!-- This site is optimized with the Yoast SEO plugin v18.9 - https:\/\/yoast.com\/wordpress\/plugins\/seo\/ -->\n<title>O M\u00e9todo Upstream - Upstream<\/title>\n<meta name=\"description\" content=\"A Upstream cria estrat\u00e9gias de aquisi\u00e7\u00e3o multicanal baseada em dados que funcionam. Aproveite nossa f\u00f3rmula comprovada de crescimento.\" \/>\n<meta name=\"robots\" content=\"index, follow, max-snippet:-1, max-image-preview:large, max-video-preview:-1\" \/>\n<link rel=\"canonical\" href=\"https:\/\/www.upstreamsystems.com\/pt-br\/o-metodo-upstream\/\" \/>\n<meta property=\"og:locale\" content=\"pt_PT\" \/>\n<meta property=\"og:type\" content=\"article\" \/>\n<meta property=\"og:title\" content=\"O M\u00e9todo Upstream - Upstream\" \/>\n<meta property=\"og:description\" content=\"A Upstream cria estrat\u00e9gias de aquisi\u00e7\u00e3o multicanal baseada em dados que funcionam. Aproveite nossa f\u00f3rmula comprovada de crescimento.\" \/>\n<meta property=\"og:url\" content=\"https:\/\/www.upstreamsystems.com\/pt-br\/o-metodo-upstream\/\" \/>\n<meta property=\"og:site_name\" content=\"Upstream\" \/>\n<meta property=\"article:modified_time\" content=\"2023-02-17T14:11:08+00:00\" \/>\n<meta property=\"og:image\" content=\"https:\/\/www.upstreamsystems.com\/wp-content\/uploads\/2021\/07\/upstream-24.jpg\" \/>\n\t<meta property=\"og:image:width\" content=\"590\" \/>\n\t<meta property=\"og:image:height\" content=\"314\" \/>\n\t<meta property=\"og:image:type\" content=\"image\/jpeg\" \/>\n<meta name=\"twitter:card\" content=\"summary_large_image\" \/>\n<script type=\"application\/ld+json\" class=\"yoast-schema-graph\">{\"@context\":\"https:\/\/schema.org\",\"@graph\":[{\"@type\":\"Organization\",\"@id\":\"https:\/\/www.upstreamsystems.com\/#organization\",\"name\":\"Upstream\",\"url\":\"https:\/\/www.upstreamsystems.com\/\",\"sameAs\":[],\"logo\":{\"@type\":\"ImageObject\",\"inLanguage\":\"pt-BR\",\"@id\":\"https:\/\/www.upstreamsystems.com\/#\/schema\/logo\/image\/\",\"url\":\"https:\/\/www.upstreamsystems.com\/wp-content\/uploads\/2021\/07\/brand.svg\",\"contentUrl\":\"https:\/\/www.upstreamsystems.com\/wp-content\/uploads\/2021\/07\/brand.svg\",\"width\":135,\"height\":38,\"caption\":\"Upstream\"},\"image\":{\"@id\":\"https:\/\/www.upstreamsystems.com\/#\/schema\/logo\/image\/\"}},{\"@type\":\"WebSite\",\"@id\":\"https:\/\/www.upstreamsystems.com\/#website\",\"url\":\"https:\/\/www.upstreamsystems.com\/\",\"name\":\"Upstream\",\"description\":\"The leading martech company\",\"publisher\":{\"@id\":\"https:\/\/www.upstreamsystems.com\/#organization\"},\"potentialAction\":[{\"@type\":\"SearchAction\",\"target\":{\"@type\":\"EntryPoint\",\"urlTemplate\":\"https:\/\/www.upstreamsystems.com\/?s={search_term_string}\"},\"query-input\":\"required name=search_term_string\"}],\"inLanguage\":\"pt-BR\"},{\"@type\":\"WebPage\",\"@id\":\"https:\/\/www.upstreamsystems.com\/pt-br\/o-metodo-upstream\/#webpage\",\"url\":\"https:\/\/www.upstreamsystems.com\/pt-br\/o-metodo-upstream\/\",\"name\":\"O M\u00e9todo Upstream - Upstream\",\"isPartOf\":{\"@id\":\"https:\/\/www.upstreamsystems.com\/#website\"},\"datePublished\":\"2021-06-15T10:27:50+00:00\",\"dateModified\":\"2023-02-17T14:11:08+00:00\",\"description\":\"A Upstream cria estrat\u00e9gias de aquisi\u00e7\u00e3o multicanal baseada em dados que funcionam. Aproveite nossa f\u00f3rmula comprovada de crescimento.\",\"breadcrumb\":{\"@id\":\"https:\/\/www.upstreamsystems.com\/pt-br\/o-metodo-upstream\/#breadcrumb\"},\"inLanguage\":\"pt-BR\",\"potentialAction\":[{\"@type\":\"ReadAction\",\"target\":[\"https:\/\/www.upstreamsystems.com\/pt-br\/o-metodo-upstream\/\"]}]},{\"@type\":\"BreadcrumbList\",\"@id\":\"https:\/\/www.upstreamsystems.com\/pt-br\/o-metodo-upstream\/#breadcrumb\",\"itemListElement\":[{\"@type\":\"ListItem\",\"position\":1,\"name\":\"Home\",\"item\":\"https:\/\/www.upstreamsystems.com\/pt-br\/\"},{\"@type\":\"ListItem\",\"position\":2,\"name\":\"O M\u00e9todo Upstream\"}]}]}<\/script>\n<!-- \/ Yoast SEO plugin. -->","yoast_head_json":{"title":"O M\u00e9todo Upstream - Upstream","description":"A Upstream cria estrat\u00e9gias de aquisi\u00e7\u00e3o multicanal baseada em dados que funcionam. Aproveite nossa f\u00f3rmula comprovada de crescimento.","robots":{"index":"index","follow":"follow","max-snippet":"max-snippet:-1","max-image-preview":"max-image-preview:large","max-video-preview":"max-video-preview:-1"},"canonical":"https:\/\/www.upstreamsystems.com\/pt-br\/o-metodo-upstream\/","og_locale":"pt_PT","og_type":"article","og_title":"O M\u00e9todo Upstream - Upstream","og_description":"A Upstream cria estrat\u00e9gias de aquisi\u00e7\u00e3o multicanal baseada em dados que funcionam. Aproveite nossa f\u00f3rmula comprovada de crescimento.","og_url":"https:\/\/www.upstreamsystems.com\/pt-br\/o-metodo-upstream\/","og_site_name":"Upstream","article_modified_time":"2023-02-17T14:11:08+00:00","og_image":[{"width":590,"height":314,"url":"https:\/\/www.upstreamsystems.com\/wp-content\/uploads\/2021\/07\/upstream-24.jpg","type":"image\/jpeg"}],"twitter_card":"summary_large_image","schema":{"@context":"https:\/\/schema.org","@graph":[{"@type":"Organization","@id":"https:\/\/www.upstreamsystems.com\/#organization","name":"Upstream","url":"https:\/\/www.upstreamsystems.com\/","sameAs":[],"logo":{"@type":"ImageObject","inLanguage":"pt-BR","@id":"https:\/\/www.upstreamsystems.com\/#\/schema\/logo\/image\/","url":"https:\/\/www.upstreamsystems.com\/wp-content\/uploads\/2021\/07\/brand.svg","contentUrl":"https:\/\/www.upstreamsystems.com\/wp-content\/uploads\/2021\/07\/brand.svg","width":135,"height":38,"caption":"Upstream"},"image":{"@id":"https:\/\/www.upstreamsystems.com\/#\/schema\/logo\/image\/"}},{"@type":"WebSite","@id":"https:\/\/www.upstreamsystems.com\/#website","url":"https:\/\/www.upstreamsystems.com\/","name":"Upstream","description":"The leading martech company","publisher":{"@id":"https:\/\/www.upstreamsystems.com\/#organization"},"potentialAction":[{"@type":"SearchAction","target":{"@type":"EntryPoint","urlTemplate":"https:\/\/www.upstreamsystems.com\/?s={search_term_string}"},"query-input":"required name=search_term_string"}],"inLanguage":"pt-BR"},{"@type":"WebPage","@id":"https:\/\/www.upstreamsystems.com\/pt-br\/o-metodo-upstream\/#webpage","url":"https:\/\/www.upstreamsystems.com\/pt-br\/o-metodo-upstream\/","name":"O M\u00e9todo Upstream - Upstream","isPartOf":{"@id":"https:\/\/www.upstreamsystems.com\/#website"},"datePublished":"2021-06-15T10:27:50+00:00","dateModified":"2023-02-17T14:11:08+00:00","description":"A Upstream cria estrat\u00e9gias de aquisi\u00e7\u00e3o multicanal baseada em dados que funcionam. Aproveite nossa f\u00f3rmula comprovada de crescimento.","breadcrumb":{"@id":"https:\/\/www.upstreamsystems.com\/pt-br\/o-metodo-upstream\/#breadcrumb"},"inLanguage":"pt-BR","potentialAction":[{"@type":"ReadAction","target":["https:\/\/www.upstreamsystems.com\/pt-br\/o-metodo-upstream\/"]}]},{"@type":"BreadcrumbList","@id":"https:\/\/www.upstreamsystems.com\/pt-br\/o-metodo-upstream\/#breadcrumb","itemListElement":[{"@type":"ListItem","position":1,"name":"Home","item":"https:\/\/www.upstreamsystems.com\/pt-br\/"},{"@type":"ListItem","position":2,"name":"O M\u00e9todo Upstream"}]}]}},"_links":{"self":[{"href":"https:\/\/www.upstreamsystems.com\/pt-br\/wp-json\/wp\/v2\/pages\/6226"}],"collection":[{"href":"https:\/\/www.upstreamsystems.com\/pt-br\/wp-json\/wp\/v2\/pages"}],"about":[{"href":"https:\/\/www.upstreamsystems.com\/pt-br\/wp-json\/wp\/v2\/types\/page"}],"author":[{"embeddable":true,"href":"https:\/\/www.upstreamsystems.com\/pt-br\/wp-json\/wp\/v2\/users\/2"}],"replies":[{"embeddable":true,"href":"https:\/\/www.upstreamsystems.com\/pt-br\/wp-json\/wp\/v2\/comments?post=6226"}],"version-history":[{"count":0,"href":"https:\/\/www.upstreamsystems.com\/pt-br\/wp-json\/wp\/v2\/pages\/6226\/revisions"}],"wp:attachment":[{"href":"https:\/\/www.upstreamsystems.com\/pt-br\/wp-json\/wp\/v2\/media?parent=6226"}],"curies":[{"name":"wp","href":"https:\/\/api.w.org\/{rel}","templated":true}]}}